{"id":5237,"date":"2024-10-31T11:56:01","date_gmt":"2024-10-31T10:56:01","guid":{"rendered":"https:\/\/nowa.riseofandes.com\/mission\/"},"modified":"2026-02-04T14:38:30","modified_gmt":"2026-02-04T13:38:30","slug":"mission","status":"publish","type":"page","link":"https:\/\/riseofandes.com\/de\/mission\/","title":{"rendered":"Mission"},"content":{"rendered":"\t\t<div data-elementor-type=\"wp-page\" data-elementor-id=\"5237\" class=\"elementor elementor-5237 elementor-1602\" data-elementor-post-type=\"page\">\n\t\t\t\t<div class=\"elementor-element elementor-element-1ef75daf e-con-full e-flex e-con e-parent\" data-id=\"1ef75daf\" data-element_type=\"container\">\n\t\t<div class=\"elementor-element elementor-element-2b5c85b5 e-con-full e-flex e-con e-child\" data-id=\"2b5c85b5\" data-element_type=\"container\" data-settings=\"{&quot;background_background&quot;:&quot;classic&quot;}\">\n\t\t\t\t<div class=\"elementor-element elementor-element-5e5ed68 elementor-invisible elementor-widget elementor-widget-heading\" data-id=\"5e5ed68\" data-element_type=\"widget\" data-settings=\"{&quot;_animation&quot;:&quot;fadeIn&quot;,&quot;_animation_delay&quot;:400}\" data-widget_type=\"heading.default\">\n\t\t\t\t<div class=\"elementor-widget-container\">\n\t\t\t\t\t<span class=\"elementor-heading-title elementor-size-default\">Mission<\/span>\t\t\t\t<\/div>\n\t\t\t\t<\/div>\n\t\t\t\t<div class=\"elementor-element elementor-element-0a82316 elementor-widget__width-initial elementor-invisible elementor-widget elementor-widget-heading\" data-id=\"0a82316\" data-element_type=\"widget\" data-settings=\"{&quot;_animation&quot;:&quot;fadeInLeft&quot;}\" data-widget_type=\"heading.default\">\n\t\t\t\t<div class=\"elementor-widget-container\">\n\t\t\t\t\t<h1 class=\"elementor-heading-title elementor-size-default\">Unser Mission<\/h1>\t\t\t\t<\/div>\n\t\t\t\t<\/div>\n\t\t\t\t<div class=\"elementor-element elementor-element-44c664e elementor-widget__width-initial elementor-invisible elementor-widget elementor-widget-text-editor\" data-id=\"44c664e\" data-element_type=\"widget\" data-settings=\"{&quot;_animation&quot;:&quot;fadeInRight&quot;}\" data-widget_type=\"text-editor.default\">\n\t\t\t\t<div class=\"elementor-widget-container\">\n\t\t\t\t\t\t\t\t\t<p>Hallo, mein Name ist Ewelina. Ich bin Polin, aber mein Herz schl\u00e4gt an zwei Orten \u2013 in Polen, wo meine Wurzeln liegen, und in Chile. Ich teile mein Leben zwischen diesen beiden au\u00dfergew\u00f6hnlichen Orten der Welt.  <\/p><p>Meine Reise nach Chile begann im Jahr 2023. Ich zog aus Liebe dorthin, aber auch aus dem Drang nach Abenteuer, das mir das Leben bieten wollte. In Punta Arenas, am Ende der Welt, traf ich au\u00dfergew\u00f6hnliche Frauen, die etwas schufen, das sich f\u00fcr mich wie ein kleines Wunder anf\u00fchlte \u2013 Ponchos. Diese Ponchos waren nicht nur gew\u00f6hnliche Stoffst\u00fccke. Sie waren wahre Meisterwerke, handgefertigt aus Wolle, die die Frauen auf traditionelle Weise vorbereiten \u2013 ohne Maschinen oder Chemikalien.    <\/p><p>Jeder dieser Ponchos trug die Geschichte von Generationen in sich. Jede K\u00fcnstlerin erlernte dieses Handwerk von ihrer Mutter, Gro\u00dfmutter, Urgro\u00dfmutter \u2013 von Frauen, die diese Tradition seit Jahrhunderten pflegen. Als ich einen dieser Ponchos anzog, f\u00fchlte ich mich, als w\u00fcrde mir hier und jetzt ein St\u00fcck Geschichte, Liebe und Leidenschaft aus der Vergangenheit begegnen. Es war die Magie einer Tradition, die Maschinen nicht ber\u00fchren k\u00f6nnen. Ich hatte das Gef\u00fchl, etwas Einzigartiges zu tragen, das mich mit Natur und Geschichte verband.    <\/p><p>Diese Ponchos sind wundersch\u00f6n, elegant, stilvoll und zeitlos. Dank des 100 % nat\u00fcrlichen, handgefertigten Prozesses \u2013 vom Wolle vorbereiten \u00fcber das Weben bis hin zum fertigen Poncho \u2013 sind sie ein Teil der Garderobe, der Generationen \u00fcberdauert. Sie sind nicht nur Kleidung \u2013 sie sind Teil einer Tradition, einer Leidenschaft und des Respekts vor der Natur. Diese Ponchos erz\u00e4hlen eine Geschichte, die Sie tragen k\u00f6nnen.   <\/p><p><strong>Rise of Andes ist <\/strong>nicht nur eine Marke, sondern eine Idee, die unglaubliche K\u00fcnstlerinnen und eine Tradition unterst\u00fctzt, die durch Massenproduktion nicht zerst\u00f6rt werden kann. Ich lade Sie ein, dieses besondere, zielgerichtete Projekt zu unterst\u00fctzen. <\/p>\t\t\t\t\t\t\t\t<\/div>\n\t\t\t\t<\/div>\n\t\t\t\t<div class=\"elementor-element elementor-element-295274f elementor-invisible elementor-widget elementor-widget-button\" data-id=\"295274f\" data-element_type=\"widget\" data-settings=\"{&quot;_animation&quot;:&quot;fadeIn&quot;,&quot;_animation_delay&quot;:400}\" data-widget_type=\"button.default\">\n\t\t\t\t<div class=\"elementor-widget-container\">\n\t\t\t\t\t\t\t\t\t<div class=\"elementor-button-wrapper\">\n\t\t\t\t\t<a class=\"elementor-button elementor-button-link elementor-size-sm\" href=\"https:\/\/riseofandes.com\/de\/lokale-handwerkerinnen\/\">\n\t\t\t\t\t\t<span class=\"elementor-button-content-wrapper\">\n\t\t\t\t\t\t\t\t\t<span class=\"elementor-button-text\">Lernen Sie uns kennen<\/span>\n\t\t\t\t\t<\/span>\n\t\t\t\t\t<\/a>\n\t\t\t\t<\/div>\n\t\t\t\t\t\t\t\t<\/div>\n\t\t\t\t<\/div>\n\t\t\t\t<\/div>\n\t\t<div class=\"elementor-element elementor-element-798ef335 e-con-full e-flex e-con e-child\" data-id=\"798ef335\" data-element_type=\"container\">\n\t\t\t\t<div class=\"elementor-element elementor-element-e42b5ff elementor-widget elementor-widget-image\" data-id=\"e42b5ff\" data-element_type=\"widget\" data-widget_type=\"image.default\">\n\t\t\t\t<div class=\"elementor-widget-container\">\n\t\t\t\t\t\t\t\t\t\t\t\t\t\t\t<img fetchpriority=\"high\" decoding=\"async\" width=\"1350\" height=\"2025\" src=\"https:\/\/riseofandes.com\/wp-content\/uploads\/2025\/09\/ewe-mission.webp\" class=\"attachment-full size-full wp-image-6485\" alt=\"Ewe Mission\" srcset=\"https:\/\/riseofandes.com\/wp-content\/uploads\/2025\/09\/ewe-mission.webp 1350w, https:\/\/riseofandes.com\/wp-content\/uploads\/2025\/09\/ewe-mission-200x300.webp 200w, https:\/\/riseofandes.com\/wp-content\/uploads\/2025\/09\/ewe-mission-683x1024.webp 683w, https:\/\/riseofandes.com\/wp-content\/uploads\/2025\/09\/ewe-mission-768x1152.webp 768w, https:\/\/riseofandes.com\/wp-content\/uploads\/2025\/09\/ewe-mission-1024x1536.webp 1024w, https:\/\/riseofandes.com\/wp-content\/uploads\/2025\/09\/ewe-mission-600x900.webp 600w\" sizes=\"(max-width: 1350px) 100vw, 1350px\" \/>\t\t\t\t\t\t\t\t\t\t\t\t\t\t\t<\/div>\n\t\t\t\t<\/div>\n\t\t\t\t<\/div>\n\t\t\t\t<\/div>\n\t\t<div class=\"elementor-element elementor-element-fccef95 e-con-full e-flex e-con e-parent\" data-id=\"fccef95\" data-element_type=\"container\">\n\t\t\t\t<div class=\"elementor-element elementor-element-1123c28 elementor-widget elementor-widget-video\" data-id=\"1123c28\" data-element_type=\"widget\" data-settings=\"{&quot;video_type&quot;:&quot;hosted&quot;,&quot;autoplay&quot;:&quot;yes&quot;,&quot;play_on_mobile&quot;:&quot;yes&quot;,&quot;mute&quot;:&quot;yes&quot;,&quot;controls&quot;:&quot;yes&quot;}\" data-widget_type=\"video.default\">\n\t\t\t\t<div class=\"elementor-widget-container\">\n\t\t\t\t\t\t\t<div class=\"e-hosted-video elementor-wrapper elementor-open-inline\">\n\t\t\t\t\t<video class=\"elementor-video\" src=\"https:\/\/riseofandes.com\/wp-content\/uploads\/2024\/11\/mission.mp4\" autoplay=\"\" controls=\"\" muted=\"muted\" playsinline=\"\" controlsList=\"nodownload\" poster=\"https:\/\/riseofandes.com\/wp-content\/uploads\/2024\/11\/mission-background.png\"><\/video>\n\t\t\t\t<\/div>\n\t\t\t\t\t\t<\/div>\n\t\t\t\t<\/div>\n\t\t\t\t<\/div>\n\t\t\t\t<\/div>\n\t\t","protected":false},"excerpt":{"rendered":"<p>Mission Unser Mission Hallo, mein Name ist Ewelina. Ich bin Polin, aber mein Herz schl\u00e4gt an zwei Orten \u2013 in [&hellip;]<\/p>\n","protected":false},"author":1,"featured_media":0,"parent":0,"menu_order":0,"comment_status":"closed","ping_status":"closed","template":"","meta":{"site-sidebar-layout":"no-sidebar","site-content-layout":"","ast-site-content-layout":"full-width-container","site-content-style":"default","site-sidebar-style":"default","ast-global-header-display":"","ast-banner-title-visibility":"","ast-main-header-display":"","ast-hfb-above-header-display":"","ast-hfb-below-header-display":"","ast-hfb-mobile-header-display":"","site-post-title":"disabled","ast-breadcrumbs-content":"","ast-featured-img":"disabled","footer-sml-layout":"","theme-transparent-header-meta":"","adv-header-id-meta":"","stick-header-meta":"","header-above-stick-meta":"","header-main-stick-meta":"","header-below-stick-meta":"","astra-migrate-meta-layouts":"default","ast-page-background-enabled":"default","ast-page-background-meta":{"desktop":{"background-color":"var(--ast-global-color-4)","background-image":"","background-repeat":"repeat","background-position":"center center","background-size":"auto","background-attachment":"scroll","background-type":"","background-media":"","overlay-type":"","overlay-color":"","overlay-opacity":"","overlay-gradient":""},"tablet":{"background-color":"","background-image":"","background-repeat":"repeat","background-position":"center center","background-size":"auto","background-attachment":"scroll","background-type":"","background-media":"","overlay-type":"","overlay-color":"","overlay-opacity":"","overlay-gradient":""},"mobile":{"background-color":"","background-image":"","background-repeat":"repeat","background-position":"center center","background-size":"auto","background-attachment":"scroll","background-type":"","background-media":"","overlay-type":"","overlay-color":"","overlay-opacity":"","overlay-gradient":""}},"ast-content-background-meta":{"desktop":{"background-color":"var(--ast-global-color-5)","background-image":"","background-repeat":"repeat","background-position":"center center","background-size":"auto","background-attachment":"scroll","background-type":"","background-media":"","overlay-type":"","overlay-color":"","overlay-opacity":"","overlay-gradient":""},"tablet":{"background-color":"var(--ast-global-color-5)","background-image":"","background-repeat":"repeat","background-position":"center center","background-size":"auto","background-attachment":"scroll","background-type":"","background-media":"","overlay-type":"","overlay-color":"","overlay-opacity":"","overlay-gradient":""},"mobile":{"background-color":"var(--ast-global-color-5)","background-image":"","background-repeat":"repeat","background-position":"center center","background-size":"auto","background-attachment":"scroll","background-type":"","background-media":"","overlay-type":"","overlay-color":"","overlay-opacity":"","overlay-gradient":""}},"footnotes":""},"class_list":["post-5237","page","type-page","status-publish","hentry"],"yoast_head":"<!-- This site is optimized with the Yoast SEO plugin v27.0 - https:\/\/yoast.com\/product\/yoast-seo-wordpress\/ -->\n<title>Mission - Rise of Andes<\/title>\n<meta name=\"description\" content=\"Rise of Andes entstand aus der Liebe zur Natur und zum Handwerk. Wir unterst\u00fctzen Frauen aus Chile und ihre Traditionen. Entdecke unsere Mission und einzigartige Ponchos. Mach noch heute mit!\" \/>\n<meta name=\"robots\" content=\"index, follow, max-snippet:-1, max-image-preview:large, max-video-preview:-1\" \/>\n<link rel=\"canonical\" href=\"https:\/\/riseofandes.com\/de\/mission\/\" \/>\n<meta property=\"og:locale\" content=\"de_DE\" \/>\n<meta property=\"og:type\" content=\"article\" \/>\n<meta property=\"og:title\" content=\"Mission - Rise of Andes\" \/>\n<meta property=\"og:description\" content=\"Rise of Andes entstand aus der Liebe zur Natur und zum Handwerk. Wir unterst\u00fctzen Frauen aus Chile und ihre Traditionen. Entdecke unsere Mission und einzigartige Ponchos. Mach noch heute mit!\" \/>\n<meta property=\"og:url\" content=\"https:\/\/riseofandes.com\/de\/mission\/\" \/>\n<meta property=\"og:site_name\" content=\"Rise of Andes\" \/>\n<meta property=\"article:publisher\" content=\"https:\/\/www.facebook.com\/people\/Rise-of-Andes\/61560535742021\/\" \/>\n<meta property=\"article:modified_time\" content=\"2026-02-04T13:38:30+00:00\" \/>\n<meta property=\"og:image\" content=\"https:\/\/riseofandes.com\/wp-content\/uploads\/2025\/09\/ewe-mission.webp\" \/>\n\t<meta property=\"og:image:width\" content=\"1350\" \/>\n\t<meta property=\"og:image:height\" content=\"2025\" \/>\n\t<meta property=\"og:image:type\" content=\"image\/webp\" \/>\n<meta name=\"twitter:card\" content=\"summary_large_image\" \/>\n<script type=\"application\/ld+json\" class=\"yoast-schema-graph\">{\"@context\":\"https:\/\/schema.org\",\"@graph\":[{\"@type\":\"WebPage\",\"@id\":\"https:\/\/riseofandes.com\/de\/mission\/\",\"url\":\"https:\/\/riseofandes.com\/de\/mission\/\",\"name\":\"Mission - Rise of Andes\",\"isPartOf\":{\"@id\":\"https:\/\/riseofandes.com\/de\/#website\"},\"primaryImageOfPage\":{\"@id\":\"https:\/\/riseofandes.com\/de\/mission\/#primaryimage\"},\"image\":{\"@id\":\"https:\/\/riseofandes.com\/de\/mission\/#primaryimage\"},\"thumbnailUrl\":\"https:\/\/riseofandes.com\/wp-content\/uploads\/2025\/09\/ewe-mission.webp\",\"datePublished\":\"2024-10-31T10:56:01+00:00\",\"dateModified\":\"2026-02-04T13:38:30+00:00\",\"description\":\"Rise of Andes entstand aus der Liebe zur Natur und zum Handwerk. Wir unterst\u00fctzen Frauen aus Chile und ihre Traditionen. Entdecke unsere Mission und einzigartige Ponchos. Mach noch heute mit!\",\"breadcrumb\":{\"@id\":\"https:\/\/riseofandes.com\/de\/mission\/#breadcrumb\"},\"inLanguage\":\"de\",\"potentialAction\":[{\"@type\":\"ReadAction\",\"target\":[\"https:\/\/riseofandes.com\/de\/mission\/\"]}]},{\"@type\":\"ImageObject\",\"inLanguage\":\"de\",\"@id\":\"https:\/\/riseofandes.com\/de\/mission\/#primaryimage\",\"url\":\"https:\/\/riseofandes.com\/wp-content\/uploads\/2025\/09\/ewe-mission.webp\",\"contentUrl\":\"https:\/\/riseofandes.com\/wp-content\/uploads\/2025\/09\/ewe-mission.webp\"},{\"@type\":\"BreadcrumbList\",\"@id\":\"https:\/\/riseofandes.com\/de\/mission\/#breadcrumb\",\"itemListElement\":[{\"@type\":\"ListItem\",\"position\":1,\"name\":\"Startseite\",\"item\":\"https:\/\/riseofandes.com\/de\/\"},{\"@type\":\"ListItem\",\"position\":2,\"name\":\"Mission\"}]},{\"@type\":\"WebSite\",\"@id\":\"https:\/\/riseofandes.com\/de\/#website\",\"url\":\"https:\/\/riseofandes.com\/de\/\",\"name\":\"Rise of Andes\",\"description\":\"Kunsthandwerk und Kunst aus S\u00fcdamerika\",\"publisher\":{\"@id\":\"https:\/\/riseofandes.com\/de\/#organization\"},\"potentialAction\":[{\"@type\":\"SearchAction\",\"target\":{\"@type\":\"EntryPoint\",\"urlTemplate\":\"https:\/\/riseofandes.com\/de\/?s={search_term_string}\"},\"query-input\":{\"@type\":\"PropertyValueSpecification\",\"valueRequired\":true,\"valueName\":\"search_term_string\"}}],\"inLanguage\":\"de\"},{\"@type\":\"Organization\",\"@id\":\"https:\/\/riseofandes.com\/de\/#organization\",\"name\":\"Rise of Andes\",\"url\":\"https:\/\/riseofandes.com\/de\/\",\"logo\":{\"@type\":\"ImageObject\",\"inLanguage\":\"de\",\"@id\":\"https:\/\/riseofandes.com\/de\/#\/schema\/logo\/image\/\",\"url\":\"https:\/\/riseofandes.com\/wp-content\/uploads\/2024\/09\/logo-scaled.webp\",\"contentUrl\":\"https:\/\/riseofandes.com\/wp-content\/uploads\/2024\/09\/logo-scaled.webp\",\"width\":2560,\"height\":804,\"caption\":\"Rise of Andes\"},\"image\":{\"@id\":\"https:\/\/riseofandes.com\/de\/#\/schema\/logo\/image\/\"},\"sameAs\":[\"https:\/\/www.facebook.com\/people\/Rise-of-Andes\/61560535742021\/\",\"https:\/\/www.instagram.com\/riseofandes\/\",\"https:\/\/www.youtube.com\/@RISEOFANDES\"]}]}<\/script>\n<!-- \/ Yoast SEO plugin. -->","yoast_head_json":{"title":"Mission - Rise of Andes","description":"Rise of Andes entstand aus der Liebe zur Natur und zum Handwerk. Wir unterst\u00fctzen Frauen aus Chile und ihre Traditionen. Entdecke unsere Mission und einzigartige Ponchos. Mach noch heute mit!","robots":{"index":"index","follow":"follow","max-snippet":"max-snippet:-1","max-image-preview":"max-image-preview:large","max-video-preview":"max-video-preview:-1"},"canonical":"https:\/\/riseofandes.com\/de\/mission\/","og_locale":"de_DE","og_type":"article","og_title":"Mission - Rise of Andes","og_description":"Rise of Andes entstand aus der Liebe zur Natur und zum Handwerk. Wir unterst\u00fctzen Frauen aus Chile und ihre Traditionen. Entdecke unsere Mission und einzigartige Ponchos. Mach noch heute mit!","og_url":"https:\/\/riseofandes.com\/de\/mission\/","og_site_name":"Rise of Andes","article_publisher":"https:\/\/www.facebook.com\/people\/Rise-of-Andes\/61560535742021\/","article_modified_time":"2026-02-04T13:38:30+00:00","og_image":[{"width":1350,"height":2025,"url":"https:\/\/riseofandes.com\/wp-content\/uploads\/2025\/09\/ewe-mission.webp","type":"image\/webp"}],"twitter_card":"summary_large_image","schema":{"@context":"https:\/\/schema.org","@graph":[{"@type":"WebPage","@id":"https:\/\/riseofandes.com\/de\/mission\/","url":"https:\/\/riseofandes.com\/de\/mission\/","name":"Mission - Rise of Andes","isPartOf":{"@id":"https:\/\/riseofandes.com\/de\/#website"},"primaryImageOfPage":{"@id":"https:\/\/riseofandes.com\/de\/mission\/#primaryimage"},"image":{"@id":"https:\/\/riseofandes.com\/de\/mission\/#primaryimage"},"thumbnailUrl":"https:\/\/riseofandes.com\/wp-content\/uploads\/2025\/09\/ewe-mission.webp","datePublished":"2024-10-31T10:56:01+00:00","dateModified":"2026-02-04T13:38:30+00:00","description":"Rise of Andes entstand aus der Liebe zur Natur und zum Handwerk. Wir unterst\u00fctzen Frauen aus Chile und ihre Traditionen. Entdecke unsere Mission und einzigartige Ponchos. Mach noch heute mit!","breadcrumb":{"@id":"https:\/\/riseofandes.com\/de\/mission\/#breadcrumb"},"inLanguage":"de","potentialAction":[{"@type":"ReadAction","target":["https:\/\/riseofandes.com\/de\/mission\/"]}]},{"@type":"ImageObject","inLanguage":"de","@id":"https:\/\/riseofandes.com\/de\/mission\/#primaryimage","url":"https:\/\/riseofandes.com\/wp-content\/uploads\/2025\/09\/ewe-mission.webp","contentUrl":"https:\/\/riseofandes.com\/wp-content\/uploads\/2025\/09\/ewe-mission.webp"},{"@type":"BreadcrumbList","@id":"https:\/\/riseofandes.com\/de\/mission\/#breadcrumb","itemListElement":[{"@type":"ListItem","position":1,"name":"Startseite","item":"https:\/\/riseofandes.com\/de\/"},{"@type":"ListItem","position":2,"name":"Mission"}]},{"@type":"WebSite","@id":"https:\/\/riseofandes.com\/de\/#website","url":"https:\/\/riseofandes.com\/de\/","name":"Rise of Andes","description":"Kunsthandwerk und Kunst aus S\u00fcdamerika","publisher":{"@id":"https:\/\/riseofandes.com\/de\/#organization"},"potentialAction":[{"@type":"SearchAction","target":{"@type":"EntryPoint","urlTemplate":"https:\/\/riseofandes.com\/de\/?s={search_term_string}"},"query-input":{"@type":"PropertyValueSpecification","valueRequired":true,"valueName":"search_term_string"}}],"inLanguage":"de"},{"@type":"Organization","@id":"https:\/\/riseofandes.com\/de\/#organization","name":"Rise of Andes","url":"https:\/\/riseofandes.com\/de\/","logo":{"@type":"ImageObject","inLanguage":"de","@id":"https:\/\/riseofandes.com\/de\/#\/schema\/logo\/image\/","url":"https:\/\/riseofandes.com\/wp-content\/uploads\/2024\/09\/logo-scaled.webp","contentUrl":"https:\/\/riseofandes.com\/wp-content\/uploads\/2024\/09\/logo-scaled.webp","width":2560,"height":804,"caption":"Rise of Andes"},"image":{"@id":"https:\/\/riseofandes.com\/de\/#\/schema\/logo\/image\/"},"sameAs":["https:\/\/www.facebook.com\/people\/Rise-of-Andes\/61560535742021\/","https:\/\/www.instagram.com\/riseofandes\/","https:\/\/www.youtube.com\/@RISEOFANDES"]}]}},"_links":{"self":[{"href":"https:\/\/riseofandes.com\/de\/wp-json\/wp\/v2\/pages\/5237","targetHints":{"allow":["GET"]}}],"collection":[{"href":"https:\/\/riseofandes.com\/de\/wp-json\/wp\/v2\/pages"}],"about":[{"href":"https:\/\/riseofandes.com\/de\/wp-json\/wp\/v2\/types\/page"}],"author":[{"embeddable":true,"href":"https:\/\/riseofandes.com\/de\/wp-json\/wp\/v2\/users\/1"}],"replies":[{"embeddable":true,"href":"https:\/\/riseofandes.com\/de\/wp-json\/wp\/v2\/comments?post=5237"}],"version-history":[{"count":12,"href":"https:\/\/riseofandes.com\/de\/wp-json\/wp\/v2\/pages\/5237\/revisions"}],"predecessor-version":[{"id":6686,"href":"https:\/\/riseofandes.com\/de\/wp-json\/wp\/v2\/pages\/5237\/revisions\/6686"}],"wp:attachment":[{"href":"https:\/\/riseofandes.com\/de\/wp-json\/wp\/v2\/media?parent=5237"}],"curies":[{"name":"wp","href":"https:\/\/api.w.org\/{rel}","templated":true}]}}