{"id":5235,"date":"2024-10-31T11:56:01","date_gmt":"2024-10-31T10:56:01","guid":{"rendered":"https:\/\/nowa.riseofandes.com\/mission\/"},"modified":"2026-02-04T14:38:09","modified_gmt":"2026-02-04T13:38:09","slug":"mission","status":"publish","type":"page","link":"https:\/\/riseofandes.com\/fr\/mission\/","title":{"rendered":"Mission"},"content":{"rendered":"\t\t<div data-elementor-type=\"wp-page\" data-elementor-id=\"5235\" class=\"elementor elementor-5235 elementor-1602\" data-elementor-post-type=\"page\">\n\t\t\t\t<div class=\"elementor-element elementor-element-1ef75daf e-con-full e-flex e-con e-parent\" data-id=\"1ef75daf\" data-element_type=\"container\">\n\t\t<div class=\"elementor-element elementor-element-2b5c85b5 e-con-full e-flex e-con e-child\" data-id=\"2b5c85b5\" data-element_type=\"container\" data-settings=\"{&quot;background_background&quot;:&quot;classic&quot;}\">\n\t\t\t\t<div class=\"elementor-element elementor-element-5e5ed68 elementor-invisible elementor-widget elementor-widget-heading\" data-id=\"5e5ed68\" data-element_type=\"widget\" data-settings=\"{&quot;_animation&quot;:&quot;fadeIn&quot;,&quot;_animation_delay&quot;:400}\" data-widget_type=\"heading.default\">\n\t\t\t\t<div class=\"elementor-widget-container\">\n\t\t\t\t\t<span class=\"elementor-heading-title elementor-size-default\">Mission<\/span>\t\t\t\t<\/div>\n\t\t\t\t<\/div>\n\t\t\t\t<div class=\"elementor-element elementor-element-0a82316 elementor-widget__width-initial elementor-invisible elementor-widget elementor-widget-heading\" data-id=\"0a82316\" data-element_type=\"widget\" data-settings=\"{&quot;_animation&quot;:&quot;fadeInLeft&quot;}\" data-widget_type=\"heading.default\">\n\t\t\t\t<div class=\"elementor-widget-container\">\n\t\t\t\t\t<h1 class=\"elementor-heading-title elementor-size-default\">Notre mission<\/h1>\t\t\t\t<\/div>\n\t\t\t\t<\/div>\n\t\t\t\t<div class=\"elementor-element elementor-element-44c664e elementor-widget__width-initial elementor-invisible elementor-widget elementor-widget-text-editor\" data-id=\"44c664e\" data-element_type=\"widget\" data-settings=\"{&quot;_animation&quot;:&quot;fadeInRight&quot;}\" data-widget_type=\"text-editor.default\">\n\t\t\t\t<div class=\"elementor-widget-container\">\n\t\t\t\t\t\t\t\t\t<p>Salut, je m\u2019appelle Ewelina. Je suis polonaise, mais mon c\u0153ur bat d\u00e9sormais \u00e0 deux endroits : en Pologne, o\u00f9 se trouvent mes racines, et au Chili. Je partage ma vie entre ces deux lieux extraordinaires.  <\/p><p>Mon voyage au Chili a commenc\u00e9 en 2023. J\u2019y suis all\u00e9e par amour, mais aussi pour l\u2019aventure que la vie a voulu m\u2019offrir. \u00c0 Punta Arenas, au bout du monde, j\u2019ai rencontr\u00e9 des femmes extraordinaires qui ont cr\u00e9\u00e9 quelque chose qui m\u2019a sembl\u00e9 \u00eatre un petit miracle : les ponchos. Ces ponchos n\u2019\u00e9taient pas de simples morceaux de tissu ordinaires. Ce sont de v\u00e9ritables chefs-d\u2019\u0153uvre, fabriqu\u00e9s \u00e0 la main \u00e0 partir de laine que les femmes pr\u00e9parent de mani\u00e8re traditionnelle, sans machines ni produits chimiques.    <\/p><p>Chacun de ces ponchos porte l\u2019histoire de g\u00e9n\u00e9rations. Chaque artiste a appris ce m\u00e9tier de sa m\u00e8re, de sa grand-m\u00e8re, de son arri\u00e8re-grand-m\u00e8re \u2013 des femmes qui ont transmis cette tradition de g\u00e9n\u00e9ration en g\u00e9n\u00e9ration. Lorsque j\u2019ai enfil\u00e9 l\u2019un de ces ponchos, j\u2019ai eu l\u2019impression qu\u2019un morceau d\u2019histoire, d\u2019amour et de passion du pass\u00e9 me rejoignait ici et maintenant. C\u2019\u00e9tait la magie d\u2019une tradition que les machines ne peuvent pas toucher. J\u2019avais l\u2019impression de porter quelque chose d\u2019unique, quelque chose qui me reliait \u00e0 la nature et \u00e0 l\u2019histoire.    <\/p><p>Ces ponchos sont magnifiques, \u00e9l\u00e9gants, intemporels et pleins de style. Gr\u00e2ce \u00e0 un processus enti\u00e8rement artisanal et 100 % naturel \u2013 de la pr\u00e9paration de la laine au tissage, jusqu\u2019au poncho fini \u2013 ils deviennent des pi\u00e8ces de garde-robe qui traversent les g\u00e9n\u00e9rations. Ce ne sont pas seulement des v\u00eatements : ce sont des morceaux d\u2019histoire, de passion et de respect pour la nature. Ces ponchos portent une histoire que vous pouvez porter.   <\/p><p><strong>Rise of Andes n\u2019est <\/strong>pas seulement une marque, c\u2019est une id\u00e9e qui soutient des femmes artistes incroyables et une tradition que la production de masse ne peut d\u00e9truire. Je vous invite \u00e0 soutenir ce projet sp\u00e9cial et porteur de sens. <\/p>\t\t\t\t\t\t\t\t<\/div>\n\t\t\t\t<\/div>\n\t\t\t\t<div class=\"elementor-element elementor-element-295274f elementor-invisible elementor-widget elementor-widget-button\" data-id=\"295274f\" data-element_type=\"widget\" data-settings=\"{&quot;_animation&quot;:&quot;fadeIn&quot;,&quot;_animation_delay&quot;:400}\" data-widget_type=\"button.default\">\n\t\t\t\t<div class=\"elementor-widget-container\">\n\t\t\t\t\t\t\t\t\t<div class=\"elementor-button-wrapper\">\n\t\t\t\t\t<a class=\"elementor-button elementor-button-link elementor-size-sm\" href=\"https:\/\/riseofandes.com\/fr\/artisanes-locales\/\">\n\t\t\t\t\t\t<span class=\"elementor-button-content-wrapper\">\n\t\t\t\t\t\t\t\t\t<span class=\"elementor-button-text\">Rencontrez-nous<\/span>\n\t\t\t\t\t<\/span>\n\t\t\t\t\t<\/a>\n\t\t\t\t<\/div>\n\t\t\t\t\t\t\t\t<\/div>\n\t\t\t\t<\/div>\n\t\t\t\t<\/div>\n\t\t<div class=\"elementor-element elementor-element-798ef335 e-con-full e-flex e-con e-child\" data-id=\"798ef335\" data-element_type=\"container\">\n\t\t\t\t<div class=\"elementor-element elementor-element-e42b5ff elementor-widget elementor-widget-image\" data-id=\"e42b5ff\" data-element_type=\"widget\" data-widget_type=\"image.default\">\n\t\t\t\t<div class=\"elementor-widget-container\">\n\t\t\t\t\t\t\t\t\t\t\t\t\t\t\t<img fetchpriority=\"high\" decoding=\"async\" width=\"1350\" height=\"2025\" src=\"https:\/\/riseofandes.com\/wp-content\/uploads\/2025\/09\/ewe-mission.webp\" class=\"attachment-full size-full wp-image-6484\" alt=\"Ewe Mission\" srcset=\"https:\/\/riseofandes.com\/wp-content\/uploads\/2025\/09\/ewe-mission.webp 1350w, https:\/\/riseofandes.com\/wp-content\/uploads\/2025\/09\/ewe-mission-200x300.webp 200w, https:\/\/riseofandes.com\/wp-content\/uploads\/2025\/09\/ewe-mission-683x1024.webp 683w, https:\/\/riseofandes.com\/wp-content\/uploads\/2025\/09\/ewe-mission-768x1152.webp 768w, https:\/\/riseofandes.com\/wp-content\/uploads\/2025\/09\/ewe-mission-1024x1536.webp 1024w, https:\/\/riseofandes.com\/wp-content\/uploads\/2025\/09\/ewe-mission-600x900.webp 600w\" sizes=\"(max-width: 1350px) 100vw, 1350px\" \/>\t\t\t\t\t\t\t\t\t\t\t\t\t\t\t<\/div>\n\t\t\t\t<\/div>\n\t\t\t\t<\/div>\n\t\t\t\t<\/div>\n\t\t<div class=\"elementor-element elementor-element-fccef95 e-con-full e-flex e-con e-parent\" data-id=\"fccef95\" data-element_type=\"container\">\n\t\t\t\t<div class=\"elementor-element elementor-element-1123c28 elementor-widget elementor-widget-video\" data-id=\"1123c28\" data-element_type=\"widget\" data-settings=\"{&quot;video_type&quot;:&quot;hosted&quot;,&quot;autoplay&quot;:&quot;yes&quot;,&quot;play_on_mobile&quot;:&quot;yes&quot;,&quot;mute&quot;:&quot;yes&quot;,&quot;controls&quot;:&quot;yes&quot;}\" data-widget_type=\"video.default\">\n\t\t\t\t<div class=\"elementor-widget-container\">\n\t\t\t\t\t\t\t<div class=\"e-hosted-video elementor-wrapper elementor-open-inline\">\n\t\t\t\t\t<video class=\"elementor-video\" src=\"https:\/\/riseofandes.com\/wp-content\/uploads\/2024\/11\/mission.mp4\" autoplay=\"\" controls=\"\" muted=\"muted\" playsinline=\"\" controlsList=\"nodownload\" poster=\"https:\/\/riseofandes.com\/wp-content\/uploads\/2024\/11\/mission-background.png\"><\/video>\n\t\t\t\t<\/div>\n\t\t\t\t\t\t<\/div>\n\t\t\t\t<\/div>\n\t\t\t\t<\/div>\n\t\t\t\t<\/div>\n\t\t","protected":false},"excerpt":{"rendered":"<p>Mission Notre mission Salut, je m\u2019appelle Ewelina. Je suis polonaise, mais mon c\u0153ur bat d\u00e9sormais \u00e0 deux endroits : en [&hellip;]<\/p>\n","protected":false},"author":1,"featured_media":0,"parent":0,"menu_order":0,"comment_status":"closed","ping_status":"closed","template":"","meta":{"site-sidebar-layout":"no-sidebar","site-content-layout":"","ast-site-content-layout":"full-width-container","site-content-style":"default","site-sidebar-style":"default","ast-global-header-display":"","ast-banner-title-visibility":"","ast-main-header-display":"","ast-hfb-above-header-display":"","ast-hfb-below-header-display":"","ast-hfb-mobile-header-display":"","site-post-title":"disabled","ast-breadcrumbs-content":"","ast-featured-img":"disabled","footer-sml-layout":"","theme-transparent-header-meta":"","adv-header-id-meta":"","stick-header-meta":"","header-above-stick-meta":"","header-main-stick-meta":"","header-below-stick-meta":"","astra-migrate-meta-layouts":"default","ast-page-background-enabled":"default","ast-page-background-meta":{"desktop":{"background-color":"var(--ast-global-color-4)","background-image":"","background-repeat":"repeat","background-position":"center center","background-size":"auto","background-attachment":"scroll","background-type":"","background-media":"","overlay-type":"","overlay-color":"","overlay-opacity":"","overlay-gradient":""},"tablet":{"background-color":"","background-image":"","background-repeat":"repeat","background-position":"center center","background-size":"auto","background-attachment":"scroll","background-type":"","background-media":"","overlay-type":"","overlay-color":"","overlay-opacity":"","overlay-gradient":""},"mobile":{"background-color":"","background-image":"","background-repeat":"repeat","background-position":"center center","background-size":"auto","background-attachment":"scroll","background-type":"","background-media":"","overlay-type":"","overlay-color":"","overlay-opacity":"","overlay-gradient":""}},"ast-content-background-meta":{"desktop":{"background-color":"var(--ast-global-color-5)","background-image":"","background-repeat":"repeat","background-position":"center center","background-size":"auto","background-attachment":"scroll","background-type":"","background-media":"","overlay-type":"","overlay-color":"","overlay-opacity":"","overlay-gradient":""},"tablet":{"background-color":"var(--ast-global-color-5)","background-image":"","background-repeat":"repeat","background-position":"center center","background-size":"auto","background-attachment":"scroll","background-type":"","background-media":"","overlay-type":"","overlay-color":"","overlay-opacity":"","overlay-gradient":""},"mobile":{"background-color":"var(--ast-global-color-5)","background-image":"","background-repeat":"repeat","background-position":"center center","background-size":"auto","background-attachment":"scroll","background-type":"","background-media":"","overlay-type":"","overlay-color":"","overlay-opacity":"","overlay-gradient":""}},"footnotes":""},"class_list":["post-5235","page","type-page","status-publish","hentry"],"yoast_head":"<!-- This site is optimized with the Yoast SEO plugin v27.0 - https:\/\/yoast.com\/product\/yoast-seo-wordpress\/ -->\n<title>Mission - Rise of Andes<\/title>\n<meta name=\"description\" content=\"Rise of Andes est n\u00e9 de l\u2019amour de la nature et de l\u2019artisanat. Nous soutenons les femmes du Chili et leurs traditions. D\u00e9couvrez notre mission et nos ponchos uniques. Rejoignez-nous d\u00e8s aujourd\u2019hui !\" \/>\n<meta name=\"robots\" content=\"index, follow, max-snippet:-1, max-image-preview:large, max-video-preview:-1\" \/>\n<link rel=\"canonical\" href=\"https:\/\/riseofandes.com\/fr\/mission\/\" \/>\n<meta property=\"og:locale\" content=\"fr_FR\" \/>\n<meta property=\"og:type\" content=\"article\" \/>\n<meta property=\"og:title\" content=\"Mission - Rise of Andes\" \/>\n<meta property=\"og:description\" content=\"Rise of Andes est n\u00e9 de l\u2019amour de la nature et de l\u2019artisanat. Nous soutenons les femmes du Chili et leurs traditions. D\u00e9couvrez notre mission et nos ponchos uniques. Rejoignez-nous d\u00e8s aujourd\u2019hui !\" \/>\n<meta property=\"og:url\" content=\"https:\/\/riseofandes.com\/fr\/mission\/\" \/>\n<meta property=\"og:site_name\" content=\"Rise of Andes\" \/>\n<meta property=\"article:publisher\" content=\"https:\/\/www.facebook.com\/people\/Rise-of-Andes\/61560535742021\/\" \/>\n<meta property=\"article:modified_time\" content=\"2026-02-04T13:38:09+00:00\" \/>\n<meta property=\"og:image\" content=\"https:\/\/riseofandes.com\/wp-content\/uploads\/2025\/09\/ewe-mission.webp\" \/>\n\t<meta property=\"og:image:width\" content=\"1350\" \/>\n\t<meta property=\"og:image:height\" content=\"2025\" \/>\n\t<meta property=\"og:image:type\" content=\"image\/webp\" \/>\n<meta name=\"twitter:card\" content=\"summary_large_image\" \/>\n<script type=\"application\/ld+json\" class=\"yoast-schema-graph\">{\"@context\":\"https:\/\/schema.org\",\"@graph\":[{\"@type\":\"WebPage\",\"@id\":\"https:\/\/riseofandes.com\/fr\/mission\/\",\"url\":\"https:\/\/riseofandes.com\/fr\/mission\/\",\"name\":\"Mission - Rise of Andes\",\"isPartOf\":{\"@id\":\"https:\/\/riseofandes.com\/fr\/#website\"},\"primaryImageOfPage\":{\"@id\":\"https:\/\/riseofandes.com\/fr\/mission\/#primaryimage\"},\"image\":{\"@id\":\"https:\/\/riseofandes.com\/fr\/mission\/#primaryimage\"},\"thumbnailUrl\":\"https:\/\/riseofandes.com\/wp-content\/uploads\/2025\/09\/ewe-mission.webp\",\"datePublished\":\"2024-10-31T10:56:01+00:00\",\"dateModified\":\"2026-02-04T13:38:09+00:00\",\"description\":\"Rise of Andes est n\u00e9 de l\u2019amour de la nature et de l\u2019artisanat. Nous soutenons les femmes du Chili et leurs traditions. D\u00e9couvrez notre mission et nos ponchos uniques. Rejoignez-nous d\u00e8s aujourd\u2019hui !\",\"breadcrumb\":{\"@id\":\"https:\/\/riseofandes.com\/fr\/mission\/#breadcrumb\"},\"inLanguage\":\"fr-FR\",\"potentialAction\":[{\"@type\":\"ReadAction\",\"target\":[\"https:\/\/riseofandes.com\/fr\/mission\/\"]}]},{\"@type\":\"ImageObject\",\"inLanguage\":\"fr-FR\",\"@id\":\"https:\/\/riseofandes.com\/fr\/mission\/#primaryimage\",\"url\":\"https:\/\/riseofandes.com\/wp-content\/uploads\/2025\/09\/ewe-mission.webp\",\"contentUrl\":\"https:\/\/riseofandes.com\/wp-content\/uploads\/2025\/09\/ewe-mission.webp\"},{\"@type\":\"BreadcrumbList\",\"@id\":\"https:\/\/riseofandes.com\/fr\/mission\/#breadcrumb\",\"itemListElement\":[{\"@type\":\"ListItem\",\"position\":1,\"name\":\"Accueil\",\"item\":\"https:\/\/riseofandes.com\/fr\/\"},{\"@type\":\"ListItem\",\"position\":2,\"name\":\"Mission\"}]},{\"@type\":\"WebSite\",\"@id\":\"https:\/\/riseofandes.com\/fr\/#website\",\"url\":\"https:\/\/riseofandes.com\/fr\/\",\"name\":\"Rise of Andes\",\"description\":\"Artisanat et art d\u2019Am\u00e9rique du Sud\",\"publisher\":{\"@id\":\"https:\/\/riseofandes.com\/fr\/#organization\"},\"potentialAction\":[{\"@type\":\"SearchAction\",\"target\":{\"@type\":\"EntryPoint\",\"urlTemplate\":\"https:\/\/riseofandes.com\/fr\/?s={search_term_string}\"},\"query-input\":{\"@type\":\"PropertyValueSpecification\",\"valueRequired\":true,\"valueName\":\"search_term_string\"}}],\"inLanguage\":\"fr-FR\"},{\"@type\":\"Organization\",\"@id\":\"https:\/\/riseofandes.com\/fr\/#organization\",\"name\":\"Rise of Andes\",\"url\":\"https:\/\/riseofandes.com\/fr\/\",\"logo\":{\"@type\":\"ImageObject\",\"inLanguage\":\"fr-FR\",\"@id\":\"https:\/\/riseofandes.com\/fr\/#\/schema\/logo\/image\/\",\"url\":\"https:\/\/riseofandes.com\/wp-content\/uploads\/2024\/09\/logo-scaled.webp\",\"contentUrl\":\"https:\/\/riseofandes.com\/wp-content\/uploads\/2024\/09\/logo-scaled.webp\",\"width\":2560,\"height\":804,\"caption\":\"Rise of Andes\"},\"image\":{\"@id\":\"https:\/\/riseofandes.com\/fr\/#\/schema\/logo\/image\/\"},\"sameAs\":[\"https:\/\/www.facebook.com\/people\/Rise-of-Andes\/61560535742021\/\",\"https:\/\/www.instagram.com\/riseofandes\/\",\"https:\/\/www.youtube.com\/@RISEOFANDES\"]}]}<\/script>\n<!-- \/ Yoast SEO plugin. -->","yoast_head_json":{"title":"Mission - Rise of Andes","description":"Rise of Andes est n\u00e9 de l\u2019amour de la nature et de l\u2019artisanat. Nous soutenons les femmes du Chili et leurs traditions. D\u00e9couvrez notre mission et nos ponchos uniques. Rejoignez-nous d\u00e8s aujourd\u2019hui !","robots":{"index":"index","follow":"follow","max-snippet":"max-snippet:-1","max-image-preview":"max-image-preview:large","max-video-preview":"max-video-preview:-1"},"canonical":"https:\/\/riseofandes.com\/fr\/mission\/","og_locale":"fr_FR","og_type":"article","og_title":"Mission - Rise of Andes","og_description":"Rise of Andes est n\u00e9 de l\u2019amour de la nature et de l\u2019artisanat. Nous soutenons les femmes du Chili et leurs traditions. D\u00e9couvrez notre mission et nos ponchos uniques. Rejoignez-nous d\u00e8s aujourd\u2019hui !","og_url":"https:\/\/riseofandes.com\/fr\/mission\/","og_site_name":"Rise of Andes","article_publisher":"https:\/\/www.facebook.com\/people\/Rise-of-Andes\/61560535742021\/","article_modified_time":"2026-02-04T13:38:09+00:00","og_image":[{"width":1350,"height":2025,"url":"https:\/\/riseofandes.com\/wp-content\/uploads\/2025\/09\/ewe-mission.webp","type":"image\/webp"}],"twitter_card":"summary_large_image","schema":{"@context":"https:\/\/schema.org","@graph":[{"@type":"WebPage","@id":"https:\/\/riseofandes.com\/fr\/mission\/","url":"https:\/\/riseofandes.com\/fr\/mission\/","name":"Mission - Rise of Andes","isPartOf":{"@id":"https:\/\/riseofandes.com\/fr\/#website"},"primaryImageOfPage":{"@id":"https:\/\/riseofandes.com\/fr\/mission\/#primaryimage"},"image":{"@id":"https:\/\/riseofandes.com\/fr\/mission\/#primaryimage"},"thumbnailUrl":"https:\/\/riseofandes.com\/wp-content\/uploads\/2025\/09\/ewe-mission.webp","datePublished":"2024-10-31T10:56:01+00:00","dateModified":"2026-02-04T13:38:09+00:00","description":"Rise of Andes est n\u00e9 de l\u2019amour de la nature et de l\u2019artisanat. Nous soutenons les femmes du Chili et leurs traditions. D\u00e9couvrez notre mission et nos ponchos uniques. Rejoignez-nous d\u00e8s aujourd\u2019hui !","breadcrumb":{"@id":"https:\/\/riseofandes.com\/fr\/mission\/#breadcrumb"},"inLanguage":"fr-FR","potentialAction":[{"@type":"ReadAction","target":["https:\/\/riseofandes.com\/fr\/mission\/"]}]},{"@type":"ImageObject","inLanguage":"fr-FR","@id":"https:\/\/riseofandes.com\/fr\/mission\/#primaryimage","url":"https:\/\/riseofandes.com\/wp-content\/uploads\/2025\/09\/ewe-mission.webp","contentUrl":"https:\/\/riseofandes.com\/wp-content\/uploads\/2025\/09\/ewe-mission.webp"},{"@type":"BreadcrumbList","@id":"https:\/\/riseofandes.com\/fr\/mission\/#breadcrumb","itemListElement":[{"@type":"ListItem","position":1,"name":"Accueil","item":"https:\/\/riseofandes.com\/fr\/"},{"@type":"ListItem","position":2,"name":"Mission"}]},{"@type":"WebSite","@id":"https:\/\/riseofandes.com\/fr\/#website","url":"https:\/\/riseofandes.com\/fr\/","name":"Rise of Andes","description":"Artisanat et art d\u2019Am\u00e9rique du Sud","publisher":{"@id":"https:\/\/riseofandes.com\/fr\/#organization"},"potentialAction":[{"@type":"SearchAction","target":{"@type":"EntryPoint","urlTemplate":"https:\/\/riseofandes.com\/fr\/?s={search_term_string}"},"query-input":{"@type":"PropertyValueSpecification","valueRequired":true,"valueName":"search_term_string"}}],"inLanguage":"fr-FR"},{"@type":"Organization","@id":"https:\/\/riseofandes.com\/fr\/#organization","name":"Rise of Andes","url":"https:\/\/riseofandes.com\/fr\/","logo":{"@type":"ImageObject","inLanguage":"fr-FR","@id":"https:\/\/riseofandes.com\/fr\/#\/schema\/logo\/image\/","url":"https:\/\/riseofandes.com\/wp-content\/uploads\/2024\/09\/logo-scaled.webp","contentUrl":"https:\/\/riseofandes.com\/wp-content\/uploads\/2024\/09\/logo-scaled.webp","width":2560,"height":804,"caption":"Rise of Andes"},"image":{"@id":"https:\/\/riseofandes.com\/fr\/#\/schema\/logo\/image\/"},"sameAs":["https:\/\/www.facebook.com\/people\/Rise-of-Andes\/61560535742021\/","https:\/\/www.instagram.com\/riseofandes\/","https:\/\/www.youtube.com\/@RISEOFANDES"]}]}},"_links":{"self":[{"href":"https:\/\/riseofandes.com\/fr\/wp-json\/wp\/v2\/pages\/5235","targetHints":{"allow":["GET"]}}],"collection":[{"href":"https:\/\/riseofandes.com\/fr\/wp-json\/wp\/v2\/pages"}],"about":[{"href":"https:\/\/riseofandes.com\/fr\/wp-json\/wp\/v2\/types\/page"}],"author":[{"embeddable":true,"href":"https:\/\/riseofandes.com\/fr\/wp-json\/wp\/v2\/users\/1"}],"replies":[{"embeddable":true,"href":"https:\/\/riseofandes.com\/fr\/wp-json\/wp\/v2\/comments?post=5235"}],"version-history":[{"count":12,"href":"https:\/\/riseofandes.com\/fr\/wp-json\/wp\/v2\/pages\/5235\/revisions"}],"predecessor-version":[{"id":6685,"href":"https:\/\/riseofandes.com\/fr\/wp-json\/wp\/v2\/pages\/5235\/revisions\/6685"}],"wp:attachment":[{"href":"https:\/\/riseofandes.com\/fr\/wp-json\/wp\/v2\/media?parent=5235"}],"curies":[{"name":"wp","href":"https:\/\/api.w.org\/{rel}","templated":true}]}}