{"id":6613,"date":"2025-10-03T11:36:33","date_gmt":"2025-10-03T09:36:33","guid":{"rendered":"https:\/\/riseofandes.com\/ponchos-femme-avec-capuche\/"},"modified":"2025-10-11T20:10:03","modified_gmt":"2025-10-11T18:10:03","slug":"ponchos-femme-avec-capuche","status":"publish","type":"page","link":"https:\/\/riseofandes.com\/fr\/ponchos-femme-avec-capuche\/","title":{"rendered":"Ponchos femme avec capuche"},"content":{"rendered":"\t\t<div data-elementor-type=\"wp-page\" data-elementor-id=\"6613\" class=\"elementor elementor-6613 elementor-6607\" data-elementor-post-type=\"page\">\n\t\t\t\t<div class=\"elementor-element elementor-element-2cb0ddd6 e-flex e-con-boxed e-con e-parent\" data-id=\"2cb0ddd6\" data-element_type=\"container\">\n\t\t\t\t\t<div class=\"e-con-inner\">\n\t\t\t\t<div class=\"elementor-element elementor-element-e401e2c elementor-widget elementor-widget-woocommerce-breadcrumb\" data-id=\"e401e2c\" data-element_type=\"widget\" data-widget_type=\"woocommerce-breadcrumb.default\">\n\t\t\t\t<div class=\"elementor-widget-container\">\n\t\t\t\t\t<nav class=\"woocommerce-breadcrumb\" aria-label=\"Breadcrumb\">Accueil<\/nav>\t\t\t\t<\/div>\n\t\t\t\t<\/div>\n\t\t\t\t<div class=\"elementor-element elementor-element-19824cef elementor-widget elementor-widget-heading\" data-id=\"19824cef\" data-element_type=\"widget\" data-widget_type=\"heading.default\">\n\t\t\t\t<div class=\"elementor-widget-container\">\n\t\t\t\t\t<h1 class=\"elementor-heading-title elementor-size-default\">Ponchos femme avec capuche<\/h1>\t\t\t\t<\/div>\n\t\t\t\t<\/div>\n\t\t\t\t<div class=\"woocommerce elementor-element elementor-element-72ce7b74 elementor-grid-widescreen-3 elementor-grid-3 elementor-grid-tablet-2 elementor-grid-mobile-1 elementor-widget elementor-widget-loop-grid\" data-id=\"72ce7b74\" data-element_type=\"widget\" data-settings=\"{&quot;_skin&quot;:&quot;product&quot;,&quot;template_id&quot;:5867,&quot;columns_widescreen&quot;:3,&quot;columns&quot;:&quot;3&quot;,&quot;columns_tablet&quot;:&quot;2&quot;,&quot;columns_mobile&quot;:&quot;1&quot;,&quot;edit_handle_selector&quot;:&quot;[data-elementor-type=\\&quot;loop-item\\&quot;]&quot;,&quot;row_gap&quot;:{&quot;unit&quot;:&quot;px&quot;,&quot;size&quot;:&quot;&quot;,&quot;sizes&quot;:[]},&quot;row_gap_widescreen&quot;:{&quot;unit&quot;:&quot;px&quot;,&quot;size&quot;:&quot;&quot;,&quot;sizes&quot;:[]},&quot;row_gap_laptop&quot;:{&quot;unit&quot;:&quot;px&quot;,&quot;size&quot;:&quot;&quot;,&quot;sizes&quot;:[]},&quot;row_gap_tablet_extra&quot;:{&quot;unit&quot;:&quot;px&quot;,&quot;size&quot;:&quot;&quot;,&quot;sizes&quot;:[]},&quot;row_gap_tablet&quot;:{&quot;unit&quot;:&quot;px&quot;,&quot;size&quot;:&quot;&quot;,&quot;sizes&quot;:[]},&quot;row_gap_mobile_extra&quot;:{&quot;unit&quot;:&quot;px&quot;,&quot;size&quot;:&quot;&quot;,&quot;sizes&quot;:[]},&quot;row_gap_mobile&quot;:{&quot;unit&quot;:&quot;px&quot;,&quot;size&quot;:&quot;&quot;,&quot;sizes&quot;:[]}}\" data-widget_type=\"loop-grid.product\">\n\t\t\t\t<div class=\"elementor-widget-container\">\n\t\t\t\t\t\t\t<div class=\"e-loop-nothing-found-message\">\n\t\t<\/div>\n\t\t\t\t\t\t<\/div>\n\t\t\t\t<\/div>\n\t\t\t\t\t<\/div>\n\t\t\t\t<\/div>\n\t\t\t\t<\/div>\n\t\t","protected":false},"excerpt":{"rendered":"<p>Ponchos femme avec capuche<\/p>\n","protected":false},"author":1,"featured_media":0,"parent":0,"menu_order":0,"comment_status":"closed","ping_status":"closed","template":"","meta":{"site-sidebar-layout":"no-sidebar","site-content-layout":"","ast-site-content-layout":"full-width-container","site-content-style":"default","site-sidebar-style":"default","ast-global-header-display":"","ast-banner-title-visibility":"","ast-main-header-display":"","ast-hfb-above-header-display":"","ast-hfb-below-header-display":"","ast-hfb-mobile-header-display":"","site-post-title":"disabled","ast-breadcrumbs-content":"","ast-featured-img":"disabled","footer-sml-layout":"","theme-transparent-header-meta":"","adv-header-id-meta":"","stick-header-meta":"","header-above-stick-meta":"","header-main-stick-meta":"","header-below-stick-meta":"","astra-migrate-meta-layouts":"default","ast-page-background-enabled":"default","ast-page-background-meta":{"desktop":{"background-color":"var(--ast-global-color-4)","background-image":"","background-repeat":"repeat","background-position":"center center","background-size":"auto","background-attachment":"scroll","background-type":"","background-media":"","overlay-type":"","overlay-color":"","overlay-opacity":"","overlay-gradient":""},"tablet":{"background-color":"","background-image":"","background-repeat":"repeat","background-position":"center center","background-size":"auto","background-attachment":"scroll","background-type":"","background-media":"","overlay-type":"","overlay-color":"","overlay-opacity":"","overlay-gradient":""},"mobile":{"background-color":"","background-image":"","background-repeat":"repeat","background-position":"center center","background-size":"auto","background-attachment":"scroll","background-type":"","background-media":"","overlay-type":"","overlay-color":"","overlay-opacity":"","overlay-gradient":""}},"ast-content-background-meta":{"desktop":{"background-color":"var(--ast-global-color-5)","background-image":"","background-repeat":"repeat","background-position":"center center","background-size":"auto","background-attachment":"scroll","background-type":"","background-media":"","overlay-type":"","overlay-color":"","overlay-opacity":"","overlay-gradient":""},"tablet":{"background-color":"var(--ast-global-color-5)","background-image":"","background-repeat":"repeat","background-position":"center center","background-size":"auto","background-attachment":"scroll","background-type":"","background-media":"","overlay-type":"","overlay-color":"","overlay-opacity":"","overlay-gradient":""},"mobile":{"background-color":"var(--ast-global-color-5)","background-image":"","background-repeat":"repeat","background-position":"center center","background-size":"auto","background-attachment":"scroll","background-type":"","background-media":"","overlay-type":"","overlay-color":"","overlay-opacity":"","overlay-gradient":""}},"footnotes":""},"class_list":["post-6613","page","type-page","status-publish","hentry"],"yoast_head":"<!-- This site is optimized with the Yoast SEO plugin v27.0 - https:\/\/yoast.com\/product\/yoast-seo-wordpress\/ -->\n<title>Ponchos femme avec capuche - Rise of Andes<\/title>\n<meta name=\"description\" content=\"Ponchos femme \u00e0 capuche faits main \u2013 alliance d\u2019art andin, de confort et d\u2019\u00e9l\u00e9gance. D\u00e9couvrez le design authentique et commandez le v\u00f4tre d\u00e8s aujourd\u2019hui!\" \/>\n<meta name=\"robots\" content=\"index, follow, max-snippet:-1, max-image-preview:large, max-video-preview:-1\" \/>\n<link rel=\"canonical\" href=\"https:\/\/riseofandes.com\/fr\/ponchos-femme-avec-capuche\/\" \/>\n<meta property=\"og:locale\" content=\"fr_FR\" \/>\n<meta property=\"og:type\" content=\"article\" \/>\n<meta property=\"og:title\" content=\"Ponchos femme avec capuche - Rise of Andes\" \/>\n<meta property=\"og:description\" content=\"Ponchos femme \u00e0 capuche faits main \u2013 alliance d\u2019art andin, de confort et d\u2019\u00e9l\u00e9gance. D\u00e9couvrez le design authentique et commandez le v\u00f4tre d\u00e8s aujourd\u2019hui!\" \/>\n<meta property=\"og:url\" content=\"https:\/\/riseofandes.com\/fr\/ponchos-femme-avec-capuche\/\" \/>\n<meta property=\"og:site_name\" content=\"Rise of Andes\" \/>\n<meta property=\"article:publisher\" content=\"https:\/\/www.facebook.com\/people\/Rise-of-Andes\/61560535742021\/\" \/>\n<meta property=\"article:modified_time\" content=\"2025-10-11T18:10:03+00:00\" \/>\n<meta property=\"og:image\" content=\"https:\/\/riseofandes.com\/wp-content\/uploads\/2025\/10\/open-graph-rise-of-andes.webp\" \/>\n\t<meta property=\"og:image:width\" content=\"1200\" \/>\n\t<meta property=\"og:image:height\" content=\"675\" \/>\n\t<meta property=\"og:image:type\" content=\"image\/webp\" \/>\n<meta name=\"twitter:card\" content=\"summary_large_image\" \/>\n<script type=\"application\/ld+json\" class=\"yoast-schema-graph\">{\"@context\":\"https:\/\/schema.org\",\"@graph\":[{\"@type\":\"WebPage\",\"@id\":\"https:\/\/riseofandes.com\/fr\/ponchos-femme-avec-capuche\/\",\"url\":\"https:\/\/riseofandes.com\/fr\/ponchos-femme-avec-capuche\/\",\"name\":\"Ponchos femme avec capuche - Rise of Andes\",\"isPartOf\":{\"@id\":\"https:\/\/riseofandes.com\/fr\/#website\"},\"datePublished\":\"2025-10-03T09:36:33+00:00\",\"dateModified\":\"2025-10-11T18:10:03+00:00\",\"description\":\"Ponchos femme \u00e0 capuche faits main \u2013 alliance d\u2019art andin, de confort et d\u2019\u00e9l\u00e9gance. D\u00e9couvrez le design authentique et commandez le v\u00f4tre d\u00e8s aujourd\u2019hui!\",\"breadcrumb\":{\"@id\":\"https:\/\/riseofandes.com\/fr\/ponchos-femme-avec-capuche\/#breadcrumb\"},\"inLanguage\":\"fr-FR\",\"potentialAction\":[{\"@type\":\"ReadAction\",\"target\":[\"https:\/\/riseofandes.com\/fr\/ponchos-femme-avec-capuche\/\"]}]},{\"@type\":\"BreadcrumbList\",\"@id\":\"https:\/\/riseofandes.com\/fr\/ponchos-femme-avec-capuche\/#breadcrumb\",\"itemListElement\":[{\"@type\":\"ListItem\",\"position\":1,\"name\":\"Accueil\",\"item\":\"https:\/\/riseofandes.com\/fr\/\"},{\"@type\":\"ListItem\",\"position\":2,\"name\":\"Ponchos femme avec capuche\"}]},{\"@type\":\"WebSite\",\"@id\":\"https:\/\/riseofandes.com\/fr\/#website\",\"url\":\"https:\/\/riseofandes.com\/fr\/\",\"name\":\"Rise of Andes\",\"description\":\"Artisanat et art d\u2019Am\u00e9rique du Sud\",\"publisher\":{\"@id\":\"https:\/\/riseofandes.com\/fr\/#organization\"},\"potentialAction\":[{\"@type\":\"SearchAction\",\"target\":{\"@type\":\"EntryPoint\",\"urlTemplate\":\"https:\/\/riseofandes.com\/fr\/?s={search_term_string}\"},\"query-input\":{\"@type\":\"PropertyValueSpecification\",\"valueRequired\":true,\"valueName\":\"search_term_string\"}}],\"inLanguage\":\"fr-FR\"},{\"@type\":\"Organization\",\"@id\":\"https:\/\/riseofandes.com\/fr\/#organization\",\"name\":\"Rise of Andes\",\"url\":\"https:\/\/riseofandes.com\/fr\/\",\"logo\":{\"@type\":\"ImageObject\",\"inLanguage\":\"fr-FR\",\"@id\":\"https:\/\/riseofandes.com\/fr\/#\/schema\/logo\/image\/\",\"url\":\"https:\/\/riseofandes.com\/wp-content\/uploads\/2024\/09\/logo-scaled.webp\",\"contentUrl\":\"https:\/\/riseofandes.com\/wp-content\/uploads\/2024\/09\/logo-scaled.webp\",\"width\":2560,\"height\":804,\"caption\":\"Rise of Andes\"},\"image\":{\"@id\":\"https:\/\/riseofandes.com\/fr\/#\/schema\/logo\/image\/\"},\"sameAs\":[\"https:\/\/www.facebook.com\/people\/Rise-of-Andes\/61560535742021\/\",\"https:\/\/www.instagram.com\/riseofandes\/\",\"https:\/\/www.youtube.com\/@RISEOFANDES\"]}]}<\/script>\n<!-- \/ Yoast SEO plugin. -->","yoast_head_json":{"title":"Ponchos femme avec capuche - Rise of Andes","description":"Ponchos femme \u00e0 capuche faits main \u2013 alliance d\u2019art andin, de confort et d\u2019\u00e9l\u00e9gance. D\u00e9couvrez le design authentique et commandez le v\u00f4tre d\u00e8s aujourd\u2019hui!","robots":{"index":"index","follow":"follow","max-snippet":"max-snippet:-1","max-image-preview":"max-image-preview:large","max-video-preview":"max-video-preview:-1"},"canonical":"https:\/\/riseofandes.com\/fr\/ponchos-femme-avec-capuche\/","og_locale":"fr_FR","og_type":"article","og_title":"Ponchos femme avec capuche - Rise of Andes","og_description":"Ponchos femme \u00e0 capuche faits main \u2013 alliance d\u2019art andin, de confort et d\u2019\u00e9l\u00e9gance. D\u00e9couvrez le design authentique et commandez le v\u00f4tre d\u00e8s aujourd\u2019hui!","og_url":"https:\/\/riseofandes.com\/fr\/ponchos-femme-avec-capuche\/","og_site_name":"Rise of Andes","article_publisher":"https:\/\/www.facebook.com\/people\/Rise-of-Andes\/61560535742021\/","article_modified_time":"2025-10-11T18:10:03+00:00","og_image":[{"width":1200,"height":675,"url":"https:\/\/riseofandes.com\/wp-content\/uploads\/2025\/10\/open-graph-rise-of-andes.webp","type":"image\/webp"}],"twitter_card":"summary_large_image","schema":{"@context":"https:\/\/schema.org","@graph":[{"@type":"WebPage","@id":"https:\/\/riseofandes.com\/fr\/ponchos-femme-avec-capuche\/","url":"https:\/\/riseofandes.com\/fr\/ponchos-femme-avec-capuche\/","name":"Ponchos femme avec capuche - Rise of Andes","isPartOf":{"@id":"https:\/\/riseofandes.com\/fr\/#website"},"datePublished":"2025-10-03T09:36:33+00:00","dateModified":"2025-10-11T18:10:03+00:00","description":"Ponchos femme \u00e0 capuche faits main \u2013 alliance d\u2019art andin, de confort et d\u2019\u00e9l\u00e9gance. D\u00e9couvrez le design authentique et commandez le v\u00f4tre d\u00e8s aujourd\u2019hui!","breadcrumb":{"@id":"https:\/\/riseofandes.com\/fr\/ponchos-femme-avec-capuche\/#breadcrumb"},"inLanguage":"fr-FR","potentialAction":[{"@type":"ReadAction","target":["https:\/\/riseofandes.com\/fr\/ponchos-femme-avec-capuche\/"]}]},{"@type":"BreadcrumbList","@id":"https:\/\/riseofandes.com\/fr\/ponchos-femme-avec-capuche\/#breadcrumb","itemListElement":[{"@type":"ListItem","position":1,"name":"Accueil","item":"https:\/\/riseofandes.com\/fr\/"},{"@type":"ListItem","position":2,"name":"Ponchos femme avec capuche"}]},{"@type":"WebSite","@id":"https:\/\/riseofandes.com\/fr\/#website","url":"https:\/\/riseofandes.com\/fr\/","name":"Rise of Andes","description":"Artisanat et art d\u2019Am\u00e9rique du Sud","publisher":{"@id":"https:\/\/riseofandes.com\/fr\/#organization"},"potentialAction":[{"@type":"SearchAction","target":{"@type":"EntryPoint","urlTemplate":"https:\/\/riseofandes.com\/fr\/?s={search_term_string}"},"query-input":{"@type":"PropertyValueSpecification","valueRequired":true,"valueName":"search_term_string"}}],"inLanguage":"fr-FR"},{"@type":"Organization","@id":"https:\/\/riseofandes.com\/fr\/#organization","name":"Rise of Andes","url":"https:\/\/riseofandes.com\/fr\/","logo":{"@type":"ImageObject","inLanguage":"fr-FR","@id":"https:\/\/riseofandes.com\/fr\/#\/schema\/logo\/image\/","url":"https:\/\/riseofandes.com\/wp-content\/uploads\/2024\/09\/logo-scaled.webp","contentUrl":"https:\/\/riseofandes.com\/wp-content\/uploads\/2024\/09\/logo-scaled.webp","width":2560,"height":804,"caption":"Rise of Andes"},"image":{"@id":"https:\/\/riseofandes.com\/fr\/#\/schema\/logo\/image\/"},"sameAs":["https:\/\/www.facebook.com\/people\/Rise-of-Andes\/61560535742021\/","https:\/\/www.instagram.com\/riseofandes\/","https:\/\/www.youtube.com\/@RISEOFANDES"]}]}},"_links":{"self":[{"href":"https:\/\/riseofandes.com\/fr\/wp-json\/wp\/v2\/pages\/6613","targetHints":{"allow":["GET"]}}],"collection":[{"href":"https:\/\/riseofandes.com\/fr\/wp-json\/wp\/v2\/pages"}],"about":[{"href":"https:\/\/riseofandes.com\/fr\/wp-json\/wp\/v2\/types\/page"}],"author":[{"embeddable":true,"href":"https:\/\/riseofandes.com\/fr\/wp-json\/wp\/v2\/users\/1"}],"replies":[{"embeddable":true,"href":"https:\/\/riseofandes.com\/fr\/wp-json\/wp\/v2\/comments?post=6613"}],"version-history":[{"count":1,"href":"https:\/\/riseofandes.com\/fr\/wp-json\/wp\/v2\/pages\/6613\/revisions"}],"predecessor-version":[{"id":6614,"href":"https:\/\/riseofandes.com\/fr\/wp-json\/wp\/v2\/pages\/6613\/revisions\/6614"}],"wp:attachment":[{"href":"https:\/\/riseofandes.com\/fr\/wp-json\/wp\/v2\/media?parent=6613"}],"curies":[{"name":"wp","href":"https:\/\/api.w.org\/{rel}","templated":true}]}}