{"id":5239,"date":"2024-10-31T11:56:01","date_gmt":"2024-10-31T10:56:01","guid":{"rendered":"https:\/\/nowa.riseofandes.com\/missione\/"},"modified":"2026-02-04T14:38:52","modified_gmt":"2026-02-04T13:38:52","slug":"missione","status":"publish","type":"page","link":"https:\/\/riseofandes.com\/it\/missione\/","title":{"rendered":"Missione"},"content":{"rendered":"\t\t<div data-elementor-type=\"wp-page\" data-elementor-id=\"5239\" class=\"elementor elementor-5239 elementor-1602\" data-elementor-post-type=\"page\">\n\t\t\t\t<div class=\"elementor-element elementor-element-1ef75daf e-con-full e-flex e-con e-parent\" data-id=\"1ef75daf\" data-element_type=\"container\">\n\t\t<div class=\"elementor-element elementor-element-2b5c85b5 e-con-full e-flex e-con e-child\" data-id=\"2b5c85b5\" data-element_type=\"container\" data-settings=\"{&quot;background_background&quot;:&quot;classic&quot;}\">\n\t\t\t\t<div class=\"elementor-element elementor-element-5e5ed68 elementor-invisible elementor-widget elementor-widget-heading\" data-id=\"5e5ed68\" data-element_type=\"widget\" data-settings=\"{&quot;_animation&quot;:&quot;fadeIn&quot;,&quot;_animation_delay&quot;:400}\" data-widget_type=\"heading.default\">\n\t\t\t\t<div class=\"elementor-widget-container\">\n\t\t\t\t\t<span class=\"elementor-heading-title elementor-size-default\">Missione<\/span>\t\t\t\t<\/div>\n\t\t\t\t<\/div>\n\t\t\t\t<div class=\"elementor-element elementor-element-0a82316 elementor-widget__width-initial elementor-invisible elementor-widget elementor-widget-heading\" data-id=\"0a82316\" data-element_type=\"widget\" data-settings=\"{&quot;_animation&quot;:&quot;fadeInLeft&quot;}\" data-widget_type=\"heading.default\">\n\t\t\t\t<div class=\"elementor-widget-container\">\n\t\t\t\t\t<h1 class=\"elementor-heading-title elementor-size-default\">La nostra missione<\/h1>\t\t\t\t<\/div>\n\t\t\t\t<\/div>\n\t\t\t\t<div class=\"elementor-element elementor-element-44c664e elementor-widget__width-initial elementor-invisible elementor-widget elementor-widget-text-editor\" data-id=\"44c664e\" data-element_type=\"widget\" data-settings=\"{&quot;_animation&quot;:&quot;fadeInRight&quot;}\" data-widget_type=\"text-editor.default\">\n\t\t\t\t<div class=\"elementor-widget-container\">\n\t\t\t\t\t\t\t\t\t<p>Ciao, mi chiamo Ewelina. Sono polacca, ma il mio cuore ora batte in due posti: in Polonia, dove sono le mie radici, e in Cile. Divido la mia vita tra questi due posti straordinari nel mondo.  <\/p><p>Il mio viaggio in Cile \u00e8 iniziato nel 2023. Ci sono andata per amore, ma anche per l\u2019avventura che la vita ha deciso di regalarmi. A Punta Arenas, alla fine del mondo, ho incontrato donne straordinarie che hanno creato qualcosa che per me \u00e8 sembrato un piccolo miracolo: i poncho. Questi poncho non erano solo normali pezzi di stoffa. Erano veri e propri capolavori, realizzati a mano con lana che le donne raccoglievano in modo tradizionale, senza macchine o prodotti chimici.    <\/p><p>Ognuno di questi poncho porta con s\u00e9 la storia di generazioni. Ogni artista ha imparato questo mestiere da sua madre, nonna, bisnonna, da donne che hanno coltivato questa tradizione per secoli. Quando ho indossato uno di questi poncho, ho sentito come se un pezzo di storia, amore e passione del passato mi incontrasse qui e ora. Era la magia di una tradizione che le macchine non possono toccare. Ho sentito di indossare qualcosa di unico, qualcosa che mi collegava alla natura e alla storia.    <\/p><p>Questi poncho sono bellissimi, eleganti, alla moda e senza tempo. Grazie al processo artigianale al 100% naturale, dalla raccolta della lana, alla tessitura, fino al poncho finito, sono una parte del guardaroba che durer\u00e0 per generazioni. Non sono solo indumenti, sono parte di una tradizione, passione e rispetto per la natura. Questi poncho portano con s\u00e9 una storia che puoi indossare.   <\/p><p><strong>Rise of Andes<\/strong> non \u00e8 solo un marchio, \u00e8 un&#8217;idea che supporta donne artiste incredibili e una tradizione che non pu\u00f2 essere distrutta dalla produzione di massa. Vi invito a supportare questo speciale progetto mirato. <\/p>\t\t\t\t\t\t\t\t<\/div>\n\t\t\t\t<\/div>\n\t\t\t\t<div class=\"elementor-element elementor-element-295274f elementor-invisible elementor-widget elementor-widget-button\" data-id=\"295274f\" data-element_type=\"widget\" data-settings=\"{&quot;_animation&quot;:&quot;fadeIn&quot;,&quot;_animation_delay&quot;:400}\" data-widget_type=\"button.default\">\n\t\t\t\t<div class=\"elementor-widget-container\">\n\t\t\t\t\t\t\t\t\t<div class=\"elementor-button-wrapper\">\n\t\t\t\t\t<a class=\"elementor-button elementor-button-link elementor-size-sm\" href=\"https:\/\/riseofandes.com\/it\/artigiani-locali\/\">\n\t\t\t\t\t\t<span class=\"elementor-button-content-wrapper\">\n\t\t\t\t\t\t\t\t\t<span class=\"elementor-button-text\">INCONTRIAMOCI<\/span>\n\t\t\t\t\t<\/span>\n\t\t\t\t\t<\/a>\n\t\t\t\t<\/div>\n\t\t\t\t\t\t\t\t<\/div>\n\t\t\t\t<\/div>\n\t\t\t\t<\/div>\n\t\t<div class=\"elementor-element elementor-element-798ef335 e-con-full e-flex e-con e-child\" data-id=\"798ef335\" data-element_type=\"container\">\n\t\t\t\t<div class=\"elementor-element elementor-element-e42b5ff elementor-widget elementor-widget-image\" data-id=\"e42b5ff\" data-element_type=\"widget\" data-widget_type=\"image.default\">\n\t\t\t\t<div class=\"elementor-widget-container\">\n\t\t\t\t\t\t\t\t\t\t\t\t\t\t\t<img fetchpriority=\"high\" decoding=\"async\" width=\"1350\" height=\"2025\" src=\"https:\/\/riseofandes.com\/wp-content\/uploads\/2025\/09\/ewe-mission.webp\" class=\"attachment-full size-full wp-image-6486\" alt=\"Ewe Mission\" srcset=\"https:\/\/riseofandes.com\/wp-content\/uploads\/2025\/09\/ewe-mission.webp 1350w, https:\/\/riseofandes.com\/wp-content\/uploads\/2025\/09\/ewe-mission-200x300.webp 200w, https:\/\/riseofandes.com\/wp-content\/uploads\/2025\/09\/ewe-mission-683x1024.webp 683w, https:\/\/riseofandes.com\/wp-content\/uploads\/2025\/09\/ewe-mission-768x1152.webp 768w, https:\/\/riseofandes.com\/wp-content\/uploads\/2025\/09\/ewe-mission-1024x1536.webp 1024w, https:\/\/riseofandes.com\/wp-content\/uploads\/2025\/09\/ewe-mission-600x900.webp 600w\" sizes=\"(max-width: 1350px) 100vw, 1350px\" \/>\t\t\t\t\t\t\t\t\t\t\t\t\t\t\t<\/div>\n\t\t\t\t<\/div>\n\t\t\t\t<\/div>\n\t\t\t\t<\/div>\n\t\t<div class=\"elementor-element elementor-element-fccef95 e-con-full e-flex e-con e-parent\" data-id=\"fccef95\" data-element_type=\"container\">\n\t\t\t\t<div class=\"elementor-element elementor-element-1123c28 elementor-widget elementor-widget-video\" data-id=\"1123c28\" data-element_type=\"widget\" data-settings=\"{&quot;video_type&quot;:&quot;hosted&quot;,&quot;autoplay&quot;:&quot;yes&quot;,&quot;play_on_mobile&quot;:&quot;yes&quot;,&quot;mute&quot;:&quot;yes&quot;,&quot;controls&quot;:&quot;yes&quot;}\" data-widget_type=\"video.default\">\n\t\t\t\t<div class=\"elementor-widget-container\">\n\t\t\t\t\t\t\t<div class=\"e-hosted-video elementor-wrapper elementor-open-inline\">\n\t\t\t\t\t<video class=\"elementor-video\" src=\"https:\/\/riseofandes.com\/wp-content\/uploads\/2024\/11\/mission.mp4\" autoplay=\"\" controls=\"\" muted=\"muted\" playsinline=\"\" controlsList=\"nodownload\" poster=\"https:\/\/riseofandes.com\/wp-content\/uploads\/2024\/11\/mission-background.png\"><\/video>\n\t\t\t\t<\/div>\n\t\t\t\t\t\t<\/div>\n\t\t\t\t<\/div>\n\t\t\t\t<\/div>\n\t\t\t\t<\/div>\n\t\t","protected":false},"excerpt":{"rendered":"<p>Missione La nostra missione Ciao, mi chiamo Ewelina. Sono polacca, ma il mio cuore ora batte in due posti: in [&hellip;]<\/p>\n","protected":false},"author":1,"featured_media":0,"parent":0,"menu_order":0,"comment_status":"closed","ping_status":"closed","template":"","meta":{"site-sidebar-layout":"no-sidebar","site-content-layout":"","ast-site-content-layout":"full-width-container","site-content-style":"default","site-sidebar-style":"default","ast-global-header-display":"","ast-banner-title-visibility":"","ast-main-header-display":"","ast-hfb-above-header-display":"","ast-hfb-below-header-display":"","ast-hfb-mobile-header-display":"","site-post-title":"disabled","ast-breadcrumbs-content":"","ast-featured-img":"disabled","footer-sml-layout":"","theme-transparent-header-meta":"","adv-header-id-meta":"","stick-header-meta":"","header-above-stick-meta":"","header-main-stick-meta":"","header-below-stick-meta":"","astra-migrate-meta-layouts":"default","ast-page-background-enabled":"default","ast-page-background-meta":{"desktop":{"background-color":"var(--ast-global-color-4)","background-image":"","background-repeat":"repeat","background-position":"center center","background-size":"auto","background-attachment":"scroll","background-type":"","background-media":"","overlay-type":"","overlay-color":"","overlay-opacity":"","overlay-gradient":""},"tablet":{"background-color":"","background-image":"","background-repeat":"repeat","background-position":"center center","background-size":"auto","background-attachment":"scroll","background-type":"","background-media":"","overlay-type":"","overlay-color":"","overlay-opacity":"","overlay-gradient":""},"mobile":{"background-color":"","background-image":"","background-repeat":"repeat","background-position":"center center","background-size":"auto","background-attachment":"scroll","background-type":"","background-media":"","overlay-type":"","overlay-color":"","overlay-opacity":"","overlay-gradient":""}},"ast-content-background-meta":{"desktop":{"background-color":"var(--ast-global-color-5)","background-image":"","background-repeat":"repeat","background-position":"center center","background-size":"auto","background-attachment":"scroll","background-type":"","background-media":"","overlay-type":"","overlay-color":"","overlay-opacity":"","overlay-gradient":""},"tablet":{"background-color":"var(--ast-global-color-5)","background-image":"","background-repeat":"repeat","background-position":"center center","background-size":"auto","background-attachment":"scroll","background-type":"","background-media":"","overlay-type":"","overlay-color":"","overlay-opacity":"","overlay-gradient":""},"mobile":{"background-color":"var(--ast-global-color-5)","background-image":"","background-repeat":"repeat","background-position":"center center","background-size":"auto","background-attachment":"scroll","background-type":"","background-media":"","overlay-type":"","overlay-color":"","overlay-opacity":"","overlay-gradient":""}},"footnotes":""},"class_list":["post-5239","page","type-page","status-publish","hentry"],"yoast_head":"<!-- This site is optimized with the Yoast SEO plugin v27.0 - https:\/\/yoast.com\/product\/yoast-seo-wordpress\/ -->\n<title>Missione - Rise of Andes<\/title>\n<meta name=\"description\" content=\"Rise of Andes nasce dall\u2019amore per la natura e l\u2019artigianato. Sosteniamo le donne del Cile e le loro tradizioni. Scopri la nostra missione e i poncho unici. Unisciti a noi oggi stesso!\" \/>\n<meta name=\"robots\" content=\"index, follow, max-snippet:-1, max-image-preview:large, max-video-preview:-1\" \/>\n<link rel=\"canonical\" href=\"https:\/\/riseofandes.com\/it\/missione\/\" \/>\n<meta property=\"og:locale\" content=\"it_IT\" \/>\n<meta property=\"og:type\" content=\"article\" \/>\n<meta property=\"og:title\" content=\"Missione - Rise of Andes\" \/>\n<meta property=\"og:description\" content=\"Rise of Andes nasce dall\u2019amore per la natura e l\u2019artigianato. Sosteniamo le donne del Cile e le loro tradizioni. Scopri la nostra missione e i poncho unici. Unisciti a noi oggi stesso!\" \/>\n<meta property=\"og:url\" content=\"https:\/\/riseofandes.com\/it\/missione\/\" \/>\n<meta property=\"og:site_name\" content=\"Rise of Andes\" \/>\n<meta property=\"article:publisher\" content=\"https:\/\/www.facebook.com\/people\/Rise-of-Andes\/61560535742021\/\" \/>\n<meta property=\"article:modified_time\" content=\"2026-02-04T13:38:52+00:00\" \/>\n<meta property=\"og:image\" content=\"https:\/\/riseofandes.com\/wp-content\/uploads\/2025\/09\/ewe-mission.webp\" \/>\n\t<meta property=\"og:image:width\" content=\"1350\" \/>\n\t<meta property=\"og:image:height\" content=\"2025\" \/>\n\t<meta property=\"og:image:type\" content=\"image\/webp\" \/>\n<meta name=\"twitter:card\" content=\"summary_large_image\" \/>\n<script type=\"application\/ld+json\" class=\"yoast-schema-graph\">{\"@context\":\"https:\/\/schema.org\",\"@graph\":[{\"@type\":\"WebPage\",\"@id\":\"https:\/\/riseofandes.com\/it\/missione\/\",\"url\":\"https:\/\/riseofandes.com\/it\/missione\/\",\"name\":\"Missione - Rise of Andes\",\"isPartOf\":{\"@id\":\"https:\/\/riseofandes.com\/it\/#website\"},\"primaryImageOfPage\":{\"@id\":\"https:\/\/riseofandes.com\/it\/missione\/#primaryimage\"},\"image\":{\"@id\":\"https:\/\/riseofandes.com\/it\/missione\/#primaryimage\"},\"thumbnailUrl\":\"https:\/\/riseofandes.com\/wp-content\/uploads\/2025\/09\/ewe-mission.webp\",\"datePublished\":\"2024-10-31T10:56:01+00:00\",\"dateModified\":\"2026-02-04T13:38:52+00:00\",\"description\":\"Rise of Andes nasce dall\u2019amore per la natura e l\u2019artigianato. Sosteniamo le donne del Cile e le loro tradizioni. Scopri la nostra missione e i poncho unici. Unisciti a noi oggi stesso!\",\"breadcrumb\":{\"@id\":\"https:\/\/riseofandes.com\/it\/missione\/#breadcrumb\"},\"inLanguage\":\"it-IT\",\"potentialAction\":[{\"@type\":\"ReadAction\",\"target\":[\"https:\/\/riseofandes.com\/it\/missione\/\"]}]},{\"@type\":\"ImageObject\",\"inLanguage\":\"it-IT\",\"@id\":\"https:\/\/riseofandes.com\/it\/missione\/#primaryimage\",\"url\":\"https:\/\/riseofandes.com\/wp-content\/uploads\/2025\/09\/ewe-mission.webp\",\"contentUrl\":\"https:\/\/riseofandes.com\/wp-content\/uploads\/2025\/09\/ewe-mission.webp\"},{\"@type\":\"BreadcrumbList\",\"@id\":\"https:\/\/riseofandes.com\/it\/missione\/#breadcrumb\",\"itemListElement\":[{\"@type\":\"ListItem\",\"position\":1,\"name\":\"Home\",\"item\":\"https:\/\/riseofandes.com\/it\/\"},{\"@type\":\"ListItem\",\"position\":2,\"name\":\"Missione\"}]},{\"@type\":\"WebSite\",\"@id\":\"https:\/\/riseofandes.com\/it\/#website\",\"url\":\"https:\/\/riseofandes.com\/it\/\",\"name\":\"Rise of Andes\",\"description\":\"Artigianato e arte dal Sud America\",\"publisher\":{\"@id\":\"https:\/\/riseofandes.com\/it\/#organization\"},\"potentialAction\":[{\"@type\":\"SearchAction\",\"target\":{\"@type\":\"EntryPoint\",\"urlTemplate\":\"https:\/\/riseofandes.com\/it\/?s={search_term_string}\"},\"query-input\":{\"@type\":\"PropertyValueSpecification\",\"valueRequired\":true,\"valueName\":\"search_term_string\"}}],\"inLanguage\":\"it-IT\"},{\"@type\":\"Organization\",\"@id\":\"https:\/\/riseofandes.com\/it\/#organization\",\"name\":\"Rise of Andes\",\"url\":\"https:\/\/riseofandes.com\/it\/\",\"logo\":{\"@type\":\"ImageObject\",\"inLanguage\":\"it-IT\",\"@id\":\"https:\/\/riseofandes.com\/it\/#\/schema\/logo\/image\/\",\"url\":\"https:\/\/riseofandes.com\/wp-content\/uploads\/2024\/09\/logo-scaled.webp\",\"contentUrl\":\"https:\/\/riseofandes.com\/wp-content\/uploads\/2024\/09\/logo-scaled.webp\",\"width\":2560,\"height\":804,\"caption\":\"Rise of Andes\"},\"image\":{\"@id\":\"https:\/\/riseofandes.com\/it\/#\/schema\/logo\/image\/\"},\"sameAs\":[\"https:\/\/www.facebook.com\/people\/Rise-of-Andes\/61560535742021\/\",\"https:\/\/www.instagram.com\/riseofandes\/\",\"https:\/\/www.youtube.com\/@RISEOFANDES\"]}]}<\/script>\n<!-- \/ Yoast SEO plugin. -->","yoast_head_json":{"title":"Missione - Rise of Andes","description":"Rise of Andes nasce dall\u2019amore per la natura e l\u2019artigianato. Sosteniamo le donne del Cile e le loro tradizioni. Scopri la nostra missione e i poncho unici. Unisciti a noi oggi stesso!","robots":{"index":"index","follow":"follow","max-snippet":"max-snippet:-1","max-image-preview":"max-image-preview:large","max-video-preview":"max-video-preview:-1"},"canonical":"https:\/\/riseofandes.com\/it\/missione\/","og_locale":"it_IT","og_type":"article","og_title":"Missione - Rise of Andes","og_description":"Rise of Andes nasce dall\u2019amore per la natura e l\u2019artigianato. Sosteniamo le donne del Cile e le loro tradizioni. Scopri la nostra missione e i poncho unici. Unisciti a noi oggi stesso!","og_url":"https:\/\/riseofandes.com\/it\/missione\/","og_site_name":"Rise of Andes","article_publisher":"https:\/\/www.facebook.com\/people\/Rise-of-Andes\/61560535742021\/","article_modified_time":"2026-02-04T13:38:52+00:00","og_image":[{"width":1350,"height":2025,"url":"https:\/\/riseofandes.com\/wp-content\/uploads\/2025\/09\/ewe-mission.webp","type":"image\/webp"}],"twitter_card":"summary_large_image","schema":{"@context":"https:\/\/schema.org","@graph":[{"@type":"WebPage","@id":"https:\/\/riseofandes.com\/it\/missione\/","url":"https:\/\/riseofandes.com\/it\/missione\/","name":"Missione - Rise of Andes","isPartOf":{"@id":"https:\/\/riseofandes.com\/it\/#website"},"primaryImageOfPage":{"@id":"https:\/\/riseofandes.com\/it\/missione\/#primaryimage"},"image":{"@id":"https:\/\/riseofandes.com\/it\/missione\/#primaryimage"},"thumbnailUrl":"https:\/\/riseofandes.com\/wp-content\/uploads\/2025\/09\/ewe-mission.webp","datePublished":"2024-10-31T10:56:01+00:00","dateModified":"2026-02-04T13:38:52+00:00","description":"Rise of Andes nasce dall\u2019amore per la natura e l\u2019artigianato. Sosteniamo le donne del Cile e le loro tradizioni. Scopri la nostra missione e i poncho unici. Unisciti a noi oggi stesso!","breadcrumb":{"@id":"https:\/\/riseofandes.com\/it\/missione\/#breadcrumb"},"inLanguage":"it-IT","potentialAction":[{"@type":"ReadAction","target":["https:\/\/riseofandes.com\/it\/missione\/"]}]},{"@type":"ImageObject","inLanguage":"it-IT","@id":"https:\/\/riseofandes.com\/it\/missione\/#primaryimage","url":"https:\/\/riseofandes.com\/wp-content\/uploads\/2025\/09\/ewe-mission.webp","contentUrl":"https:\/\/riseofandes.com\/wp-content\/uploads\/2025\/09\/ewe-mission.webp"},{"@type":"BreadcrumbList","@id":"https:\/\/riseofandes.com\/it\/missione\/#breadcrumb","itemListElement":[{"@type":"ListItem","position":1,"name":"Home","item":"https:\/\/riseofandes.com\/it\/"},{"@type":"ListItem","position":2,"name":"Missione"}]},{"@type":"WebSite","@id":"https:\/\/riseofandes.com\/it\/#website","url":"https:\/\/riseofandes.com\/it\/","name":"Rise of Andes","description":"Artigianato e arte dal Sud America","publisher":{"@id":"https:\/\/riseofandes.com\/it\/#organization"},"potentialAction":[{"@type":"SearchAction","target":{"@type":"EntryPoint","urlTemplate":"https:\/\/riseofandes.com\/it\/?s={search_term_string}"},"query-input":{"@type":"PropertyValueSpecification","valueRequired":true,"valueName":"search_term_string"}}],"inLanguage":"it-IT"},{"@type":"Organization","@id":"https:\/\/riseofandes.com\/it\/#organization","name":"Rise of Andes","url":"https:\/\/riseofandes.com\/it\/","logo":{"@type":"ImageObject","inLanguage":"it-IT","@id":"https:\/\/riseofandes.com\/it\/#\/schema\/logo\/image\/","url":"https:\/\/riseofandes.com\/wp-content\/uploads\/2024\/09\/logo-scaled.webp","contentUrl":"https:\/\/riseofandes.com\/wp-content\/uploads\/2024\/09\/logo-scaled.webp","width":2560,"height":804,"caption":"Rise of Andes"},"image":{"@id":"https:\/\/riseofandes.com\/it\/#\/schema\/logo\/image\/"},"sameAs":["https:\/\/www.facebook.com\/people\/Rise-of-Andes\/61560535742021\/","https:\/\/www.instagram.com\/riseofandes\/","https:\/\/www.youtube.com\/@RISEOFANDES"]}]}},"_links":{"self":[{"href":"https:\/\/riseofandes.com\/it\/wp-json\/wp\/v2\/pages\/5239","targetHints":{"allow":["GET"]}}],"collection":[{"href":"https:\/\/riseofandes.com\/it\/wp-json\/wp\/v2\/pages"}],"about":[{"href":"https:\/\/riseofandes.com\/it\/wp-json\/wp\/v2\/types\/page"}],"author":[{"embeddable":true,"href":"https:\/\/riseofandes.com\/it\/wp-json\/wp\/v2\/users\/1"}],"replies":[{"embeddable":true,"href":"https:\/\/riseofandes.com\/it\/wp-json\/wp\/v2\/comments?post=5239"}],"version-history":[{"count":6,"href":"https:\/\/riseofandes.com\/it\/wp-json\/wp\/v2\/pages\/5239\/revisions"}],"predecessor-version":[{"id":6687,"href":"https:\/\/riseofandes.com\/it\/wp-json\/wp\/v2\/pages\/5239\/revisions\/6687"}],"wp:attachment":[{"href":"https:\/\/riseofandes.com\/it\/wp-json\/wp\/v2\/media?parent=5239"}],"curies":[{"name":"wp","href":"https:\/\/api.w.org\/{rel}","templated":true}]}}