{"id":5257,"date":"2024-10-31T11:56:01","date_gmt":"2024-10-31T10:56:01","guid":{"rendered":"https:\/\/nowa.riseofandes.com\/misja\/"},"modified":"2026-02-04T14:39:17","modified_gmt":"2026-02-04T13:39:17","slug":"misja","status":"publish","type":"page","link":"https:\/\/riseofandes.com\/pl\/misja\/","title":{"rendered":"Misja"},"content":{"rendered":"\t\t<div data-elementor-type=\"wp-page\" data-elementor-id=\"5257\" class=\"elementor elementor-5257 elementor-1602\" data-elementor-post-type=\"page\">\n\t\t\t\t<div class=\"elementor-element elementor-element-1ef75daf e-con-full e-flex e-con e-parent\" data-id=\"1ef75daf\" data-element_type=\"container\">\n\t\t<div class=\"elementor-element elementor-element-2b5c85b5 e-con-full e-flex e-con e-child\" data-id=\"2b5c85b5\" data-element_type=\"container\" data-settings=\"{&quot;background_background&quot;:&quot;classic&quot;}\">\n\t\t\t\t<div class=\"elementor-element elementor-element-5e5ed68 elementor-invisible elementor-widget elementor-widget-heading\" data-id=\"5e5ed68\" data-element_type=\"widget\" data-settings=\"{&quot;_animation&quot;:&quot;fadeIn&quot;,&quot;_animation_delay&quot;:400}\" data-widget_type=\"heading.default\">\n\t\t\t\t<div class=\"elementor-widget-container\">\n\t\t\t\t\t<span class=\"elementor-heading-title elementor-size-default\">Misja<\/span>\t\t\t\t<\/div>\n\t\t\t\t<\/div>\n\t\t\t\t<div class=\"elementor-element elementor-element-0a82316 elementor-widget__width-initial elementor-invisible elementor-widget elementor-widget-heading\" data-id=\"0a82316\" data-element_type=\"widget\" data-settings=\"{&quot;_animation&quot;:&quot;fadeInLeft&quot;}\" data-widget_type=\"heading.default\">\n\t\t\t\t<div class=\"elementor-widget-container\">\n\t\t\t\t\t<h1 class=\"elementor-heading-title elementor-size-default\">Nasza misja<\/h1>\t\t\t\t<\/div>\n\t\t\t\t<\/div>\n\t\t\t\t<div class=\"elementor-element elementor-element-44c664e elementor-widget__width-initial elementor-invisible elementor-widget elementor-widget-text-editor\" data-id=\"44c664e\" data-element_type=\"widget\" data-settings=\"{&quot;_animation&quot;:&quot;fadeInRight&quot;}\" data-widget_type=\"text-editor.default\">\n\t\t\t\t<div class=\"elementor-widget-container\">\n\t\t\t\t\t\t\t\t\t<p>Cze\u015b\u0107, nazywam si\u0119 Ewelina. Jestem Polk\u0105, ale moje serce bije teraz w dw\u00f3ch miejscach \u2013 w Polsce, gdzie mam korzenie, i w Chile. Dziel\u0119 swoje \u017cycie pomi\u0119dzy te dwa niezwyk\u0142e miejsca na \u015bwiecie.  <\/p><p>Moja podr\u00f3\u017c do Chile rozpocz\u0119\u0142a si\u0119 w 2023 roku. Pojecha\u0142am tam z mi\u0142o\u015bci, ale tak\u017ce dla przygody, kt\u00f3r\u0105 \u017cycie postanowi\u0142o mi da\u0107. W Punta Arenas, na ko\u0144cu \u015bwiata, pozna\u0142am niezwyk\u0142e kobiety, kt\u00f3re stworzy\u0142y co\u015b, co dla mnie by\u0142o ma\u0142ym cudem \u2013 poncza. Te poncza nie by\u0142y zwyk\u0142ymi kawa\u0142kami materia\u0142u. By\u0142y prawdziwymi arcydzie\u0142ami, r\u0119cznie robionymi z we\u0142ny, kt\u00f3r\u0105 kobiety przygotowywa\u0142y w tradycyjny spos\u00f3b, bez maszyn i chemikali\u00f3w.    <\/p><p>Ka\u017cde z tych poncz nios\u0142o histori\u0119 pokole\u0144. Ka\u017cda artystka nauczy\u0142a si\u0119 tego rzemios\u0142a od swojej matki, babci, prababci \u2013 od kobiet, kt\u00f3re piel\u0119gnowa\u0142y t\u0119 tradycj\u0119 przez stulecia. Kiedy za\u0142o\u017cy\u0142am jedno z tych poncz, poczu\u0142am, jakby kawa\u0142ek historii, mi\u0142o\u015bci i pasji z przesz\u0142o\u015bci spotka\u0142 mnie tu i teraz. To by\u0142a magia tradycji, kt\u00f3rej maszyny nie mog\u0105 dotkn\u0105\u0107. Poczu\u0142am, \u017ce nosz\u0119 co\u015b wyj\u0105tkowego, co\u015b, co \u0142\u0105czy mnie z natur\u0105 i histori\u0105.    <\/p><p>Te poncza s\u0105 pi\u0119kne, eleganckie, stylowe i ponadczasowe. Dzi\u0119ki w 100% naturalnemu, r\u0119cznie wykonanemu procesowi \u2013 od tworzenia we\u0142ny, przez tkanie, a\u017c po gotowe poncza \u2013 s\u0105 cz\u0119\u015bci\u0105 garderoby, kt\u00f3ra przetrwa pokolenia. To nie tylko ubranie \u2013 to cz\u0119\u015b\u0107 tradycji, pasji i szacunku do natury. Te poncza nios\u0105 histori\u0119, kt\u00f3r\u0105 mo\u017cesz i Ty nosi\u0107.   <\/p><p><strong>Rise of Andes<\/strong> to nie tylko marka, to idea wspieraj\u0105ca niesamowite artystki i tradycj\u0119, kt\u00f3rej nie da si\u0119 zniszczy\u0107 masow\u0105 produkcj\u0105. Zapraszam do wsparcia tego specjalnego nap\u0119dzanego celem prospo\u0142ecznym projektu. <\/p>\t\t\t\t\t\t\t\t<\/div>\n\t\t\t\t<\/div>\n\t\t\t\t<div class=\"elementor-element elementor-element-295274f elementor-invisible elementor-widget elementor-widget-button\" data-id=\"295274f\" data-element_type=\"widget\" data-settings=\"{&quot;_animation&quot;:&quot;fadeIn&quot;,&quot;_animation_delay&quot;:400}\" data-widget_type=\"button.default\">\n\t\t\t\t<div class=\"elementor-widget-container\">\n\t\t\t\t\t\t\t\t\t<div class=\"elementor-button-wrapper\">\n\t\t\t\t\t<a class=\"elementor-button elementor-button-link elementor-size-sm\" href=\"https:\/\/riseofandes.com\/pl\/lokalne-rzemieslniczki\/\">\n\t\t\t\t\t\t<span class=\"elementor-button-content-wrapper\">\n\t\t\t\t\t\t\t\t\t<span class=\"elementor-button-text\">SPOTKAJMY SI\u0118<\/span>\n\t\t\t\t\t<\/span>\n\t\t\t\t\t<\/a>\n\t\t\t\t<\/div>\n\t\t\t\t\t\t\t\t<\/div>\n\t\t\t\t<\/div>\n\t\t\t\t<\/div>\n\t\t<div class=\"elementor-element elementor-element-798ef335 e-con-full e-flex e-con e-child\" data-id=\"798ef335\" data-element_type=\"container\">\n\t\t\t\t<div class=\"elementor-element elementor-element-e42b5ff elementor-widget elementor-widget-image\" data-id=\"e42b5ff\" data-element_type=\"widget\" data-widget_type=\"image.default\">\n\t\t\t\t<div class=\"elementor-widget-container\">\n\t\t\t\t\t\t\t\t\t\t\t\t\t\t\t<img fetchpriority=\"high\" decoding=\"async\" width=\"1350\" height=\"2025\" src=\"https:\/\/riseofandes.com\/wp-content\/uploads\/2025\/09\/ewe-mission.webp\" class=\"attachment-full size-full wp-image-6487\" alt=\"Ewe Mission\" srcset=\"https:\/\/riseofandes.com\/wp-content\/uploads\/2025\/09\/ewe-mission.webp 1350w, https:\/\/riseofandes.com\/wp-content\/uploads\/2025\/09\/ewe-mission-200x300.webp 200w, https:\/\/riseofandes.com\/wp-content\/uploads\/2025\/09\/ewe-mission-683x1024.webp 683w, https:\/\/riseofandes.com\/wp-content\/uploads\/2025\/09\/ewe-mission-768x1152.webp 768w, https:\/\/riseofandes.com\/wp-content\/uploads\/2025\/09\/ewe-mission-1024x1536.webp 1024w, https:\/\/riseofandes.com\/wp-content\/uploads\/2025\/09\/ewe-mission-600x900.webp 600w\" sizes=\"(max-width: 1350px) 100vw, 1350px\" \/>\t\t\t\t\t\t\t\t\t\t\t\t\t\t\t<\/div>\n\t\t\t\t<\/div>\n\t\t\t\t<\/div>\n\t\t\t\t<\/div>\n\t\t<div class=\"elementor-element elementor-element-fccef95 e-con-full e-flex e-con e-parent\" data-id=\"fccef95\" data-element_type=\"container\">\n\t\t\t\t<div class=\"elementor-element elementor-element-1123c28 elementor-widget elementor-widget-video\" data-id=\"1123c28\" data-element_type=\"widget\" data-settings=\"{&quot;video_type&quot;:&quot;hosted&quot;,&quot;autoplay&quot;:&quot;yes&quot;,&quot;play_on_mobile&quot;:&quot;yes&quot;,&quot;mute&quot;:&quot;yes&quot;,&quot;controls&quot;:&quot;yes&quot;}\" data-widget_type=\"video.default\">\n\t\t\t\t<div class=\"elementor-widget-container\">\n\t\t\t\t\t\t\t<div class=\"e-hosted-video elementor-wrapper elementor-open-inline\">\n\t\t\t\t\t<video class=\"elementor-video\" src=\"https:\/\/riseofandes.com\/wp-content\/uploads\/2024\/11\/mission.mp4\" autoplay=\"\" controls=\"\" muted=\"muted\" playsinline=\"\" controlsList=\"nodownload\" poster=\"https:\/\/riseofandes.com\/wp-content\/uploads\/2024\/11\/mission-background.png\"><\/video>\n\t\t\t\t<\/div>\n\t\t\t\t\t\t<\/div>\n\t\t\t\t<\/div>\n\t\t\t\t<\/div>\n\t\t\t\t<\/div>\n\t\t","protected":false},"excerpt":{"rendered":"<p>Misja Nasza misja Cze\u015b\u0107, nazywam si\u0119 Ewelina. Jestem Polk\u0105, ale moje serce bije teraz w dw\u00f3ch miejscach \u2013 w Polsce, [&hellip;]<\/p>\n","protected":false},"author":1,"featured_media":0,"parent":0,"menu_order":0,"comment_status":"closed","ping_status":"closed","template":"","meta":{"site-sidebar-layout":"no-sidebar","site-content-layout":"","ast-site-content-layout":"full-width-container","site-content-style":"default","site-sidebar-style":"default","ast-global-header-display":"","ast-banner-title-visibility":"","ast-main-header-display":"","ast-hfb-above-header-display":"","ast-hfb-below-header-display":"","ast-hfb-mobile-header-display":"","site-post-title":"disabled","ast-breadcrumbs-content":"","ast-featured-img":"disabled","footer-sml-layout":"","theme-transparent-header-meta":"","adv-header-id-meta":"","stick-header-meta":"","header-above-stick-meta":"","header-main-stick-meta":"","header-below-stick-meta":"","astra-migrate-meta-layouts":"default","ast-page-background-enabled":"default","ast-page-background-meta":{"desktop":{"background-color":"var(--ast-global-color-4)","background-image":"","background-repeat":"repeat","background-position":"center center","background-size":"auto","background-attachment":"scroll","background-type":"","background-media":"","overlay-type":"","overlay-color":"","overlay-opacity":"","overlay-gradient":""},"tablet":{"background-color":"","background-image":"","background-repeat":"repeat","background-position":"center center","background-size":"auto","background-attachment":"scroll","background-type":"","background-media":"","overlay-type":"","overlay-color":"","overlay-opacity":"","overlay-gradient":""},"mobile":{"background-color":"","background-image":"","background-repeat":"repeat","background-position":"center center","background-size":"auto","background-attachment":"scroll","background-type":"","background-media":"","overlay-type":"","overlay-color":"","overlay-opacity":"","overlay-gradient":""}},"ast-content-background-meta":{"desktop":{"background-color":"var(--ast-global-color-5)","background-image":"","background-repeat":"repeat","background-position":"center center","background-size":"auto","background-attachment":"scroll","background-type":"","background-media":"","overlay-type":"","overlay-color":"","overlay-opacity":"","overlay-gradient":""},"tablet":{"background-color":"var(--ast-global-color-5)","background-image":"","background-repeat":"repeat","background-position":"center center","background-size":"auto","background-attachment":"scroll","background-type":"","background-media":"","overlay-type":"","overlay-color":"","overlay-opacity":"","overlay-gradient":""},"mobile":{"background-color":"var(--ast-global-color-5)","background-image":"","background-repeat":"repeat","background-position":"center center","background-size":"auto","background-attachment":"scroll","background-type":"","background-media":"","overlay-type":"","overlay-color":"","overlay-opacity":"","overlay-gradient":""}},"footnotes":""},"class_list":["post-5257","page","type-page","status-publish","hentry"],"yoast_head":"<!-- This site is optimized with the Yoast SEO plugin v27.0 - https:\/\/yoast.com\/product\/yoast-seo-wordpress\/ -->\n<title>Misja - Rise of Andes<\/title>\n<meta name=\"description\" content=\"Rise of Andes powsta\u0142o z mi\u0142o\u015bci do natury i rzemios\u0142a. Wspieramy kobiety z Chile i ich tradycj\u0119. Poznaj nasz\u0105 misj\u0119 i wyj\u0105tkowe poncza u nas. Do\u0142\u0105cz ju\u017c dzi\u015b!\" \/>\n<meta name=\"robots\" content=\"index, follow, max-snippet:-1, max-image-preview:large, max-video-preview:-1\" \/>\n<link rel=\"canonical\" href=\"https:\/\/riseofandes.com\/pl\/misja\/\" \/>\n<meta property=\"og:locale\" content=\"pl_PL\" \/>\n<meta property=\"og:type\" content=\"article\" \/>\n<meta property=\"og:title\" content=\"Misja - Rise of Andes\" \/>\n<meta property=\"og:description\" content=\"Rise of Andes powsta\u0142o z mi\u0142o\u015bci do natury i rzemios\u0142a. Wspieramy kobiety z Chile i ich tradycj\u0119. Poznaj nasz\u0105 misj\u0119 i wyj\u0105tkowe poncza u nas. Do\u0142\u0105cz ju\u017c dzi\u015b!\" \/>\n<meta property=\"og:url\" content=\"https:\/\/riseofandes.com\/pl\/misja\/\" \/>\n<meta property=\"og:site_name\" content=\"Rise of Andes\" \/>\n<meta property=\"article:publisher\" content=\"https:\/\/www.facebook.com\/people\/Rise-of-Andes\/61560535742021\/\" \/>\n<meta property=\"article:modified_time\" content=\"2026-02-04T13:39:17+00:00\" \/>\n<meta property=\"og:image\" content=\"https:\/\/riseofandes.com\/wp-content\/uploads\/2025\/09\/ewe-mission.webp\" \/>\n\t<meta property=\"og:image:width\" content=\"1350\" \/>\n\t<meta property=\"og:image:height\" content=\"2025\" \/>\n\t<meta property=\"og:image:type\" content=\"image\/webp\" \/>\n<meta name=\"twitter:card\" content=\"summary_large_image\" \/>\n<script type=\"application\/ld+json\" class=\"yoast-schema-graph\">{\"@context\":\"https:\/\/schema.org\",\"@graph\":[{\"@type\":\"WebPage\",\"@id\":\"https:\/\/riseofandes.com\/pl\/misja\/\",\"url\":\"https:\/\/riseofandes.com\/pl\/misja\/\",\"name\":\"Misja - Rise of Andes\",\"isPartOf\":{\"@id\":\"https:\/\/riseofandes.com\/pl\/#website\"},\"primaryImageOfPage\":{\"@id\":\"https:\/\/riseofandes.com\/pl\/misja\/#primaryimage\"},\"image\":{\"@id\":\"https:\/\/riseofandes.com\/pl\/misja\/#primaryimage\"},\"thumbnailUrl\":\"https:\/\/riseofandes.com\/wp-content\/uploads\/2025\/09\/ewe-mission.webp\",\"datePublished\":\"2024-10-31T10:56:01+00:00\",\"dateModified\":\"2026-02-04T13:39:17+00:00\",\"description\":\"Rise of Andes powsta\u0142o z mi\u0142o\u015bci do natury i rzemios\u0142a. Wspieramy kobiety z Chile i ich tradycj\u0119. Poznaj nasz\u0105 misj\u0119 i wyj\u0105tkowe poncza u nas. Do\u0142\u0105cz ju\u017c dzi\u015b!\",\"breadcrumb\":{\"@id\":\"https:\/\/riseofandes.com\/pl\/misja\/#breadcrumb\"},\"inLanguage\":\"pl-PL\",\"potentialAction\":[{\"@type\":\"ReadAction\",\"target\":[\"https:\/\/riseofandes.com\/pl\/misja\/\"]}]},{\"@type\":\"ImageObject\",\"inLanguage\":\"pl-PL\",\"@id\":\"https:\/\/riseofandes.com\/pl\/misja\/#primaryimage\",\"url\":\"https:\/\/riseofandes.com\/wp-content\/uploads\/2025\/09\/ewe-mission.webp\",\"contentUrl\":\"https:\/\/riseofandes.com\/wp-content\/uploads\/2025\/09\/ewe-mission.webp\"},{\"@type\":\"BreadcrumbList\",\"@id\":\"https:\/\/riseofandes.com\/pl\/misja\/#breadcrumb\",\"itemListElement\":[{\"@type\":\"ListItem\",\"position\":1,\"name\":\"Strona g\u0142\u00f3wna\",\"item\":\"https:\/\/riseofandes.com\/pl\/\"},{\"@type\":\"ListItem\",\"position\":2,\"name\":\"Misja\"}]},{\"@type\":\"WebSite\",\"@id\":\"https:\/\/riseofandes.com\/pl\/#website\",\"url\":\"https:\/\/riseofandes.com\/pl\/\",\"name\":\"Rise of Andes\",\"description\":\"R\u0119kodzie\u0142o i sztuka z Ameryki Po\u0142udniowej\",\"publisher\":{\"@id\":\"https:\/\/riseofandes.com\/pl\/#organization\"},\"potentialAction\":[{\"@type\":\"SearchAction\",\"target\":{\"@type\":\"EntryPoint\",\"urlTemplate\":\"https:\/\/riseofandes.com\/pl\/?s={search_term_string}\"},\"query-input\":{\"@type\":\"PropertyValueSpecification\",\"valueRequired\":true,\"valueName\":\"search_term_string\"}}],\"inLanguage\":\"pl-PL\"},{\"@type\":\"Organization\",\"@id\":\"https:\/\/riseofandes.com\/pl\/#organization\",\"name\":\"Rise of Andes\",\"url\":\"https:\/\/riseofandes.com\/pl\/\",\"logo\":{\"@type\":\"ImageObject\",\"inLanguage\":\"pl-PL\",\"@id\":\"https:\/\/riseofandes.com\/pl\/#\/schema\/logo\/image\/\",\"url\":\"https:\/\/riseofandes.com\/wp-content\/uploads\/2024\/09\/logo-scaled.webp\",\"contentUrl\":\"https:\/\/riseofandes.com\/wp-content\/uploads\/2024\/09\/logo-scaled.webp\",\"width\":2560,\"height\":804,\"caption\":\"Rise of Andes\"},\"image\":{\"@id\":\"https:\/\/riseofandes.com\/pl\/#\/schema\/logo\/image\/\"},\"sameAs\":[\"https:\/\/www.facebook.com\/people\/Rise-of-Andes\/61560535742021\/\",\"https:\/\/www.instagram.com\/riseofandes\/\",\"https:\/\/www.youtube.com\/@RISEOFANDES\"]}]}<\/script>\n<!-- \/ Yoast SEO plugin. -->","yoast_head_json":{"title":"Misja - Rise of Andes","description":"Rise of Andes powsta\u0142o z mi\u0142o\u015bci do natury i rzemios\u0142a. Wspieramy kobiety z Chile i ich tradycj\u0119. Poznaj nasz\u0105 misj\u0119 i wyj\u0105tkowe poncza u nas. Do\u0142\u0105cz ju\u017c dzi\u015b!","robots":{"index":"index","follow":"follow","max-snippet":"max-snippet:-1","max-image-preview":"max-image-preview:large","max-video-preview":"max-video-preview:-1"},"canonical":"https:\/\/riseofandes.com\/pl\/misja\/","og_locale":"pl_PL","og_type":"article","og_title":"Misja - Rise of Andes","og_description":"Rise of Andes powsta\u0142o z mi\u0142o\u015bci do natury i rzemios\u0142a. Wspieramy kobiety z Chile i ich tradycj\u0119. Poznaj nasz\u0105 misj\u0119 i wyj\u0105tkowe poncza u nas. Do\u0142\u0105cz ju\u017c dzi\u015b!","og_url":"https:\/\/riseofandes.com\/pl\/misja\/","og_site_name":"Rise of Andes","article_publisher":"https:\/\/www.facebook.com\/people\/Rise-of-Andes\/61560535742021\/","article_modified_time":"2026-02-04T13:39:17+00:00","og_image":[{"width":1350,"height":2025,"url":"https:\/\/riseofandes.com\/wp-content\/uploads\/2025\/09\/ewe-mission.webp","type":"image\/webp"}],"twitter_card":"summary_large_image","schema":{"@context":"https:\/\/schema.org","@graph":[{"@type":"WebPage","@id":"https:\/\/riseofandes.com\/pl\/misja\/","url":"https:\/\/riseofandes.com\/pl\/misja\/","name":"Misja - Rise of Andes","isPartOf":{"@id":"https:\/\/riseofandes.com\/pl\/#website"},"primaryImageOfPage":{"@id":"https:\/\/riseofandes.com\/pl\/misja\/#primaryimage"},"image":{"@id":"https:\/\/riseofandes.com\/pl\/misja\/#primaryimage"},"thumbnailUrl":"https:\/\/riseofandes.com\/wp-content\/uploads\/2025\/09\/ewe-mission.webp","datePublished":"2024-10-31T10:56:01+00:00","dateModified":"2026-02-04T13:39:17+00:00","description":"Rise of Andes powsta\u0142o z mi\u0142o\u015bci do natury i rzemios\u0142a. Wspieramy kobiety z Chile i ich tradycj\u0119. Poznaj nasz\u0105 misj\u0119 i wyj\u0105tkowe poncza u nas. Do\u0142\u0105cz ju\u017c dzi\u015b!","breadcrumb":{"@id":"https:\/\/riseofandes.com\/pl\/misja\/#breadcrumb"},"inLanguage":"pl-PL","potentialAction":[{"@type":"ReadAction","target":["https:\/\/riseofandes.com\/pl\/misja\/"]}]},{"@type":"ImageObject","inLanguage":"pl-PL","@id":"https:\/\/riseofandes.com\/pl\/misja\/#primaryimage","url":"https:\/\/riseofandes.com\/wp-content\/uploads\/2025\/09\/ewe-mission.webp","contentUrl":"https:\/\/riseofandes.com\/wp-content\/uploads\/2025\/09\/ewe-mission.webp"},{"@type":"BreadcrumbList","@id":"https:\/\/riseofandes.com\/pl\/misja\/#breadcrumb","itemListElement":[{"@type":"ListItem","position":1,"name":"Strona g\u0142\u00f3wna","item":"https:\/\/riseofandes.com\/pl\/"},{"@type":"ListItem","position":2,"name":"Misja"}]},{"@type":"WebSite","@id":"https:\/\/riseofandes.com\/pl\/#website","url":"https:\/\/riseofandes.com\/pl\/","name":"Rise of Andes","description":"R\u0119kodzie\u0142o i sztuka z Ameryki Po\u0142udniowej","publisher":{"@id":"https:\/\/riseofandes.com\/pl\/#organization"},"potentialAction":[{"@type":"SearchAction","target":{"@type":"EntryPoint","urlTemplate":"https:\/\/riseofandes.com\/pl\/?s={search_term_string}"},"query-input":{"@type":"PropertyValueSpecification","valueRequired":true,"valueName":"search_term_string"}}],"inLanguage":"pl-PL"},{"@type":"Organization","@id":"https:\/\/riseofandes.com\/pl\/#organization","name":"Rise of Andes","url":"https:\/\/riseofandes.com\/pl\/","logo":{"@type":"ImageObject","inLanguage":"pl-PL","@id":"https:\/\/riseofandes.com\/pl\/#\/schema\/logo\/image\/","url":"https:\/\/riseofandes.com\/wp-content\/uploads\/2024\/09\/logo-scaled.webp","contentUrl":"https:\/\/riseofandes.com\/wp-content\/uploads\/2024\/09\/logo-scaled.webp","width":2560,"height":804,"caption":"Rise of Andes"},"image":{"@id":"https:\/\/riseofandes.com\/pl\/#\/schema\/logo\/image\/"},"sameAs":["https:\/\/www.facebook.com\/people\/Rise-of-Andes\/61560535742021\/","https:\/\/www.instagram.com\/riseofandes\/","https:\/\/www.youtube.com\/@RISEOFANDES"]}]}},"_links":{"self":[{"href":"https:\/\/riseofandes.com\/pl\/wp-json\/wp\/v2\/pages\/5257","targetHints":{"allow":["GET"]}}],"collection":[{"href":"https:\/\/riseofandes.com\/pl\/wp-json\/wp\/v2\/pages"}],"about":[{"href":"https:\/\/riseofandes.com\/pl\/wp-json\/wp\/v2\/types\/page"}],"author":[{"embeddable":true,"href":"https:\/\/riseofandes.com\/pl\/wp-json\/wp\/v2\/users\/1"}],"replies":[{"embeddable":true,"href":"https:\/\/riseofandes.com\/pl\/wp-json\/wp\/v2\/comments?post=5257"}],"version-history":[{"count":8,"href":"https:\/\/riseofandes.com\/pl\/wp-json\/wp\/v2\/pages\/5257\/revisions"}],"predecessor-version":[{"id":6688,"href":"https:\/\/riseofandes.com\/pl\/wp-json\/wp\/v2\/pages\/5257\/revisions\/6688"}],"wp:attachment":[{"href":"https:\/\/riseofandes.com\/pl\/wp-json\/wp\/v2\/media?parent=5257"}],"curies":[{"name":"wp","href":"https:\/\/api.w.org\/{rel}","templated":true}]}}